{"id":1141,"date":"2024-07-10T17:04:56","date_gmt":"2024-07-10T15:04:56","guid":{"rendered":"https:\/\/dencre-et-de-mots.com\/?page_id=1141"},"modified":"2024-11-07T20:25:58","modified_gmt":"2024-11-07T19:25:58","slug":"actu-sorties","status":"publish","type":"page","link":"https:\/\/dencre-et-de-mots.com\/index.php\/actu-sorties\/","title":{"rendered":"ACTU-SORTIES"},"content":{"rendered":"\n<p><\/p>\n\n\n\n<p class=\"has-text-align-center has-huge-font-size\"><strong>Parce que chaque \u00e9v\u00e8nement m\u00e9rite d&rsquo;\u00eatre connu<\/strong> ! <br><\/p>\n\n\n\n<p class=\"has-white-color has-text-color has-link-color wp-elements-7e4ac651328708ea719ac0894fa30934\">.<\/p>\n\n\n\n<p class=\"has-extra-large-font-size\"><strong>LE SALON DU LIVRE DE PARIS &#8211; AVRIL 2024<\/strong><\/p>\n\n\n\n<figure class=\"wp-block-image size-full\"><img loading=\"lazy\" decoding=\"async\" width=\"644\" height=\"414\" src=\"https:\/\/dencre-et-de-mots.com\/wp-content\/uploads\/2024\/07\/Festival-du-Livre-de-Paris-2024.png\" alt=\"\" class=\"wp-image-1151\" srcset=\"https:\/\/dencre-et-de-mots.com\/wp-content\/uploads\/2024\/07\/Festival-du-Livre-de-Paris-2024.png 644w, https:\/\/dencre-et-de-mots.com\/wp-content\/uploads\/2024\/07\/Festival-du-Livre-de-Paris-2024-300x193.png 300w, https:\/\/dencre-et-de-mots.com\/wp-content\/uploads\/2024\/07\/Festival-du-Livre-de-Paris-2024-500x321.png 500w\" sizes=\"auto, (max-width: 644px) 100vw, 644px\" \/><\/figure>\n\n\n\n<p class=\"has-larger-font-size\"><a href=\"https:\/\/www.festivaldulivredeparis.fr\">https:\/\/www.festivaldulivredeparis.fr<\/a><\/p>\n\n\n\n<p class=\"has-white-color has-text-color has-link-color wp-elements-7e4ac651328708ea719ac0894fa30934\">.<\/p>\n\n\n\n<p class=\"has-extra-large-font-size\"><strong>EXPOSITION L\u00c9ONARD DE VINCI ET SES CHEFS-D&rsquo;OEUVRE EN GRAVURE &#8211; <\/strong>Amboise &#8211; Juin-Septembre 2024<\/p>\n\n\n\n<figure class=\"wp-block-image size-large\"><img loading=\"lazy\" decoding=\"async\" width=\"683\" height=\"1024\" src=\"https:\/\/dencre-et-de-mots.com\/wp-content\/uploads\/2024\/07\/Affiche-officielle-page-0001-683x1024.jpg\" alt=\"\" class=\"wp-image-1156\" srcset=\"https:\/\/dencre-et-de-mots.com\/wp-content\/uploads\/2024\/07\/Affiche-officielle-page-0001-683x1024.jpg 683w, https:\/\/dencre-et-de-mots.com\/wp-content\/uploads\/2024\/07\/Affiche-officielle-page-0001-200x300.jpg 200w, https:\/\/dencre-et-de-mots.com\/wp-content\/uploads\/2024\/07\/Affiche-officielle-page-0001-768x1152.jpg 768w, https:\/\/dencre-et-de-mots.com\/wp-content\/uploads\/2024\/07\/Affiche-officielle-page-0001-1024x1536.jpg 1024w, https:\/\/dencre-et-de-mots.com\/wp-content\/uploads\/2024\/07\/Affiche-officielle-page-0001-900x1350.jpg 900w, https:\/\/dencre-et-de-mots.com\/wp-content\/uploads\/2024\/07\/Affiche-officielle-page-0001-500x750.jpg 500w, https:\/\/dencre-et-de-mots.com\/wp-content\/uploads\/2024\/07\/Affiche-officielle-page-0001.jpg 1067w\" sizes=\"auto, (max-width: 683px) 100vw, 683px\" \/><\/figure>\n\n\n\n<p class=\"has-larger-font-size\"><a href=\"https:\/\/www.bnf.fr\/fr\/agenda\/leonard-de-vinci-et-ses-chefs-doeuvre-en-gravure\">https:\/\/www.bnf.fr\/fr\/agenda\/leonard-de-vinci-et-ses-chefs-doeuvre-en-gravure<\/a><\/p>\n\n\n\n<p class=\"has-white-color has-text-color has-link-color wp-elements-7e4ac651328708ea719ac0894fa30934\">.<\/p>\n\n\n\n<p class=\"has-extra-large-font-size\"><strong>LES JEUX OLYMPIQUES &#8211; PARIS &#8211; Juillet-Ao\u00fbt 2024<\/strong><\/p>\n\n\n\n<figure class=\"wp-block-image size-full\"><img loading=\"lazy\" decoding=\"async\" width=\"770\" height=\"513\" src=\"https:\/\/dencre-et-de-mots.com\/wp-content\/uploads\/2024\/07\/1463122-le-logo-des-jeux-olympiques-de-paris-2024.jpg\" alt=\"\" class=\"wp-image-1155\" srcset=\"https:\/\/dencre-et-de-mots.com\/wp-content\/uploads\/2024\/07\/1463122-le-logo-des-jeux-olympiques-de-paris-2024.jpg 770w, https:\/\/dencre-et-de-mots.com\/wp-content\/uploads\/2024\/07\/1463122-le-logo-des-jeux-olympiques-de-paris-2024-300x200.jpg 300w, https:\/\/dencre-et-de-mots.com\/wp-content\/uploads\/2024\/07\/1463122-le-logo-des-jeux-olympiques-de-paris-2024-768x512.jpg 768w, https:\/\/dencre-et-de-mots.com\/wp-content\/uploads\/2024\/07\/1463122-le-logo-des-jeux-olympiques-de-paris-2024-500x333.jpg 500w\" sizes=\"auto, (max-width: 770px) 100vw, 770px\" \/><\/figure>\n\n\n\n<p class=\"has-larger-font-size\"><a href=\"https:\/\/olympics.com\/fr\/paris-2024\">https:\/\/olympics.com\/fr\/paris-2024<\/a><\/p>\n\n\n\n<p class=\"has-white-color has-text-color has-link-color wp-elements-7e4ac651328708ea719ac0894fa30934\">.<\/p>\n\n\n\n<p class=\"has-extra-large-font-size\"><strong>LES JOURN\u00c9ES EUROP\u00c9ENNES DU PATRIMOINE &#8211; Septembre 2024<\/strong><\/p>\n\n\n\n<figure class=\"wp-block-image size-large\"><img loading=\"lazy\" decoding=\"async\" width=\"1024\" height=\"640\" src=\"https:\/\/dencre-et-de-mots.com\/wp-content\/uploads\/2024\/07\/ec94f25ee27691bccdbde3d7f07ce3d7-Jep-2024-1440x900-1-1024x640.jpg\" alt=\"\" class=\"wp-image-1145\" srcset=\"https:\/\/dencre-et-de-mots.com\/wp-content\/uploads\/2024\/07\/ec94f25ee27691bccdbde3d7f07ce3d7-Jep-2024-1440x900-1-1024x640.jpg 1024w, https:\/\/dencre-et-de-mots.com\/wp-content\/uploads\/2024\/07\/ec94f25ee27691bccdbde3d7f07ce3d7-Jep-2024-1440x900-1-300x188.jpg 300w, https:\/\/dencre-et-de-mots.com\/wp-content\/uploads\/2024\/07\/ec94f25ee27691bccdbde3d7f07ce3d7-Jep-2024-1440x900-1-768x480.jpg 768w, https:\/\/dencre-et-de-mots.com\/wp-content\/uploads\/2024\/07\/ec94f25ee27691bccdbde3d7f07ce3d7-Jep-2024-1440x900-1-900x563.jpg 900w, https:\/\/dencre-et-de-mots.com\/wp-content\/uploads\/2024\/07\/ec94f25ee27691bccdbde3d7f07ce3d7-Jep-2024-1440x900-1-500x313.jpg 500w, https:\/\/dencre-et-de-mots.com\/wp-content\/uploads\/2024\/07\/ec94f25ee27691bccdbde3d7f07ce3d7-Jep-2024-1440x900-1.jpg 1439w\" sizes=\"auto, (max-width: 1024px) 100vw, 1024px\" \/><\/figure>\n\n\n\n<p class=\"has-larger-font-size\"><a href=\"https:\/\/journeesdupatrimoine.culture.gouv.fr\">https:\/\/journeesdupatrimoine.culture.gouv.fr<\/a><\/p>\n\n\n\n<p class=\"has-huge-font-size\"><strong>FETE DE LA SCIENCE <\/strong><\/p>\n\n\n\n<figure class=\"wp-block-image size-large\"><img loading=\"lazy\" decoding=\"async\" width=\"915\" height=\"1024\" src=\"https:\/\/dencre-et-de-mots.com\/wp-content\/uploads\/2024\/10\/Screenshot_20241010-084258_Samsung-Internet-915x1024.jpg\" alt=\"\" class=\"wp-image-1850\" srcset=\"https:\/\/dencre-et-de-mots.com\/wp-content\/uploads\/2024\/10\/Screenshot_20241010-084258_Samsung-Internet-915x1024.jpg 915w, https:\/\/dencre-et-de-mots.com\/wp-content\/uploads\/2024\/10\/Screenshot_20241010-084258_Samsung-Internet-268x300.jpg 268w, https:\/\/dencre-et-de-mots.com\/wp-content\/uploads\/2024\/10\/Screenshot_20241010-084258_Samsung-Internet-768x860.jpg 768w, https:\/\/dencre-et-de-mots.com\/wp-content\/uploads\/2024\/10\/Screenshot_20241010-084258_Samsung-Internet-900x1008.jpg 900w, https:\/\/dencre-et-de-mots.com\/wp-content\/uploads\/2024\/10\/Screenshot_20241010-084258_Samsung-Internet-500x560.jpg 500w, https:\/\/dencre-et-de-mots.com\/wp-content\/uploads\/2024\/10\/Screenshot_20241010-084258_Samsung-Internet.jpg 929w\" sizes=\"auto, (max-width: 915px) 100vw, 915px\" \/><\/figure>\n\n\n\n<p class=\"has-white-color has-text-color has-link-color wp-elements-d5ba5611017805c69330140f6018426c\">.<strong>F\u00ea<\/strong><\/p>\n\n\n\n<p class=\"has-extra-large-font-size\"><strong>CANDLELIGHT CONCERT BY FEVER &#8211; Nancy<\/strong><\/p>\n\n\n\n<figure class=\"wp-block-image size-large\"><img loading=\"lazy\" decoding=\"async\" width=\"1024\" height=\"683\" src=\"https:\/\/dencre-et-de-mots.com\/wp-content\/uploads\/2024\/10\/412823-3-cf0f1f-original-1640190037-1024x683.jpg\" alt=\"\" class=\"wp-image-1854\" srcset=\"https:\/\/dencre-et-de-mots.com\/wp-content\/uploads\/2024\/10\/412823-3-cf0f1f-original-1640190037-1024x683.jpg 1024w, https:\/\/dencre-et-de-mots.com\/wp-content\/uploads\/2024\/10\/412823-3-cf0f1f-original-1640190037-300x200.jpg 300w, https:\/\/dencre-et-de-mots.com\/wp-content\/uploads\/2024\/10\/412823-3-cf0f1f-original-1640190037-768x512.jpg 768w, https:\/\/dencre-et-de-mots.com\/wp-content\/uploads\/2024\/10\/412823-3-cf0f1f-original-1640190037-1536x1024.jpg 1536w, https:\/\/dencre-et-de-mots.com\/wp-content\/uploads\/2024\/10\/412823-3-cf0f1f-original-1640190037-2048x1365.jpg 2048w, https:\/\/dencre-et-de-mots.com\/wp-content\/uploads\/2024\/10\/412823-3-cf0f1f-original-1640190037-900x600.jpg 900w, https:\/\/dencre-et-de-mots.com\/wp-content\/uploads\/2024\/10\/412823-3-cf0f1f-original-1640190037-500x333.jpg 500w\" sizes=\"auto, (max-width: 1024px) 100vw, 1024px\" \/><\/figure>\n\n\n\n<p class=\"has-larger-font-size\"><a href=\"https:\/\/feverup.com\/fr\/nancy\/candlelight\">https:\/\/feverup.com\/fr\/nancy\/candlelight<\/a><\/p>\n\n\n\n<p><\/p>\n\n\n\n<p class=\"has-extra-large-font-size\"><strong>LE 27<sup>e<\/sup> RENDEZ-VOUS DE L&rsquo;HISTOIRE &#8211; Octobre 2024<\/strong><\/p>\n\n\n\n<figure class=\"wp-block-image size-large\"><img loading=\"lazy\" decoding=\"async\" width=\"1024\" height=\"576\" src=\"https:\/\/dencre-et-de-mots.com\/wp-content\/uploads\/2024\/07\/RVH2024_SITEWEB_480x480px-1024x576.png\" alt=\"\" class=\"wp-image-1147\" srcset=\"https:\/\/dencre-et-de-mots.com\/wp-content\/uploads\/2024\/07\/RVH2024_SITEWEB_480x480px-1024x576.png 1024w, https:\/\/dencre-et-de-mots.com\/wp-content\/uploads\/2024\/07\/RVH2024_SITEWEB_480x480px-300x169.png 300w, https:\/\/dencre-et-de-mots.com\/wp-content\/uploads\/2024\/07\/RVH2024_SITEWEB_480x480px-768x432.png 768w, https:\/\/dencre-et-de-mots.com\/wp-content\/uploads\/2024\/07\/RVH2024_SITEWEB_480x480px-1536x864.png 1536w, https:\/\/dencre-et-de-mots.com\/wp-content\/uploads\/2024\/07\/RVH2024_SITEWEB_480x480px-900x506.png 900w, https:\/\/dencre-et-de-mots.com\/wp-content\/uploads\/2024\/07\/RVH2024_SITEWEB_480x480px-500x281.png 500w, https:\/\/dencre-et-de-mots.com\/wp-content\/uploads\/2024\/07\/RVH2024_SITEWEB_480x480px.png 1920w\" sizes=\"auto, (max-width: 1024px) 100vw, 1024px\" \/><\/figure>\n\n\n\n<p class=\"has-larger-font-size\"><a href=\"https:\/\/rdv-histoire.com\">https:\/\/rdv-histoire.com<\/a><\/p>\n\n\n\n<p class=\"has-white-color has-text-color has-link-color wp-elements-c645e628e62f8fbab9d9726851472d16\"><\/p>\n\n\n\n\n\n<p><\/p>\n\n\n\n<p class=\"has-extra-large-font-size\"><strong>COM\u00c9DIE MUSICALE &#8211; LES MIS\u00c9RABLES &#8211; Th\u00e9\u00e2tre du Ch\u00e2telet &#8211; Novembre-D\u00e9cembre 2024<\/strong><\/p>\n\n\n\n<figure class=\"wp-block-image size-large\"><img loading=\"lazy\" decoding=\"async\" width=\"1024\" height=\"779\" src=\"https:\/\/dencre-et-de-mots.com\/wp-content\/uploads\/2024\/07\/les-miserables-pour-la-premiere-fois-en-francais-au-theatre-du-chatelet-1024x779.jpg\" alt=\"\" class=\"wp-image-1159\" srcset=\"https:\/\/dencre-et-de-mots.com\/wp-content\/uploads\/2024\/07\/les-miserables-pour-la-premiere-fois-en-francais-au-theatre-du-chatelet-1024x779.jpg 1024w, https:\/\/dencre-et-de-mots.com\/wp-content\/uploads\/2024\/07\/les-miserables-pour-la-premiere-fois-en-francais-au-theatre-du-chatelet-300x228.jpg 300w, https:\/\/dencre-et-de-mots.com\/wp-content\/uploads\/2024\/07\/les-miserables-pour-la-premiere-fois-en-francais-au-theatre-du-chatelet-768x584.jpg 768w, https:\/\/dencre-et-de-mots.com\/wp-content\/uploads\/2024\/07\/les-miserables-pour-la-premiere-fois-en-francais-au-theatre-du-chatelet-900x684.jpg 900w, https:\/\/dencre-et-de-mots.com\/wp-content\/uploads\/2024\/07\/les-miserables-pour-la-premiere-fois-en-francais-au-theatre-du-chatelet-500x380.jpg 500w, https:\/\/dencre-et-de-mots.com\/wp-content\/uploads\/2024\/07\/les-miserables-pour-la-premiere-fois-en-francais-au-theatre-du-chatelet.jpg 1089w\" sizes=\"auto, (max-width: 1024px) 100vw, 1024px\" \/><\/figure>\n\n\n\n<p class=\"has-larger-font-size\"><a href=\"https:\/\/www.paris.fr\/evenements\/les-miserables-59942\">https:\/\/www.paris.fr\/evenements\/les-miserables-59942<\/a><\/p>\n\n\n\n<p class=\"has-white-color has-text-color has-link-color wp-elements-7e4ac651328708ea719ac0894fa30934\">.<\/p>\n\n\n\n<p class=\"has-extra-large-font-size\"><strong>EXPOSITION UNIVERSELLE &#8211; Avril-octobre 2025<\/strong><\/p>\n\n\n\n<figure class=\"wp-block-image size-large\"><img loading=\"lazy\" decoding=\"async\" width=\"1024\" height=\"768\" src=\"https:\/\/dencre-et-de-mots.com\/wp-content\/uploads\/2024\/07\/Sans-titre4-3-1200x900-1-1024x768.jpg\" alt=\"\" class=\"wp-image-1152\" srcset=\"https:\/\/dencre-et-de-mots.com\/wp-content\/uploads\/2024\/07\/Sans-titre4-3-1200x900-1-1024x768.jpg 1024w, https:\/\/dencre-et-de-mots.com\/wp-content\/uploads\/2024\/07\/Sans-titre4-3-1200x900-1-300x225.jpg 300w, https:\/\/dencre-et-de-mots.com\/wp-content\/uploads\/2024\/07\/Sans-titre4-3-1200x900-1-768x576.jpg 768w, https:\/\/dencre-et-de-mots.com\/wp-content\/uploads\/2024\/07\/Sans-titre4-3-1200x900-1-900x675.jpg 900w, https:\/\/dencre-et-de-mots.com\/wp-content\/uploads\/2024\/07\/Sans-titre4-3-1200x900-1-500x375.jpg 500w, https:\/\/dencre-et-de-mots.com\/wp-content\/uploads\/2024\/07\/Sans-titre4-3-1200x900-1.jpg 1200w\" sizes=\"auto, (max-width: 1024px) 100vw, 1024px\" \/><\/figure>\n\n\n\n<p class=\"has-larger-font-size\"><a href=\"https:\/\/www.expo2025.or.jp\/fr\">https:\/\/www.expo2025.or.jp\/fr<\/a><\/p>\n\n\n\n<p class=\"has-white-color has-text-color has-link-color wp-elements-7e4ac651328708ea719ac0894fa30934\">.<\/p>\n\n\n\n<p><\/p>\n\n\n\n<p><\/p>\n","protected":false},"excerpt":{"rendered":"<p>Parce que chaque \u00e9v\u00e8nement m\u00e9rite d&rsquo;\u00eatre connu ! . LE SALON DU LIVRE DE PARIS &#8211; AVRIL 2024 https:\/\/www.festivaldulivredeparis.fr . EXPOSITION L\u00c9ONARD [&hellip;]<\/p>\n","protected":false},"author":1,"featured_media":0,"parent":0,"menu_order":0,"comment_status":"closed","ping_status":"closed","template":"","meta":{"footnotes":""},"class_list":{"0":"post-1141","1":"page","2":"type-page","3":"status-publish","5":"col-md-12"},"aioseo_notices":[],"_links":{"self":[{"href":"https:\/\/dencre-et-de-mots.com\/index.php\/wp-json\/wp\/v2\/pages\/1141","targetHints":{"allow":["GET"]}}],"collection":[{"href":"https:\/\/dencre-et-de-mots.com\/index.php\/wp-json\/wp\/v2\/pages"}],"about":[{"href":"https:\/\/dencre-et-de-mots.com\/index.php\/wp-json\/wp\/v2\/types\/page"}],"author":[{"embeddable":true,"href":"https:\/\/dencre-et-de-mots.com\/index.php\/wp-json\/wp\/v2\/users\/1"}],"replies":[{"embeddable":true,"href":"https:\/\/dencre-et-de-mots.com\/index.php\/wp-json\/wp\/v2\/comments?post=1141"}],"version-history":[{"count":13,"href":"https:\/\/dencre-et-de-mots.com\/index.php\/wp-json\/wp\/v2\/pages\/1141\/revisions"}],"predecessor-version":[{"id":1888,"href":"https:\/\/dencre-et-de-mots.com\/index.php\/wp-json\/wp\/v2\/pages\/1141\/revisions\/1888"}],"wp:attachment":[{"href":"https:\/\/dencre-et-de-mots.com\/index.php\/wp-json\/wp\/v2\/media?parent=1141"}],"curies":[{"name":"wp","href":"https:\/\/api.w.org\/{rel}","templated":true}]}}