{"id":1649,"date":"2024-09-24T14:53:08","date_gmt":"2024-09-24T12:53:08","guid":{"rendered":"https:\/\/dencre-et-de-mots.com\/?page_id=1649"},"modified":"2024-09-29T16:17:48","modified_gmt":"2024-09-29T14:17:48","slug":"culture-histoire","status":"publish","type":"page","link":"https:\/\/dencre-et-de-mots.com\/index.php\/culture-histoire\/","title":{"rendered":"CULTURE &amp; HISTOIRE"},"content":{"rendered":"\n<p><\/p>\n\n\n\n<div style=\"height:60px\" aria-hidden=\"true\" class=\"wp-block-spacer\"><\/div>\n\n\n\n<div class=\"wp-block-buttons is-content-justification-center is-layout-flex wp-container-core-buttons-is-layout-1 wp-block-buttons-is-layout-flex\">\n<div class=\"wp-block-button has-custom-font-size has-large-font-size\"><a class=\"wp-block-button__link has-black-color has-text-color has-background has-link-color wp-element-button\" href=\"https:\/\/dencre-et-de-mots.com\/index.php\/2024\/09\/24\/la-photographie-de-limage-souvenir-a-la-preuve-historique\" style=\"border-radius:15px;background:radial-gradient(rgb(255,206,236) 13%,rgb(186,185,242) 100%)\">1| La Photographie: De l&rsquo;Image-Souvenir \u00e0 la Preuve-Historique<\/a><\/div>\n<\/div>\n\n\n\n<div style=\"height:30px\" aria-hidden=\"true\" class=\"wp-block-spacer\"><\/div>\n\n\n\n<div class=\"wp-block-buttons is-content-justification-center is-layout-flex wp-container-core-buttons-is-layout-2 wp-block-buttons-is-layout-flex\">\n<div class=\"wp-block-button has-custom-font-size has-large-font-size\"><a class=\"wp-block-button__link has-black-color has-text-color has-background has-link-color wp-element-button\" href=\"https:\/\/dencre-et-de-mots.com\/index.php\/2024\/09\/24\/limpact-de-la-representation-et-de-lexpression-dans-les-arts-musique-oeuvres-graphiques-et-arts-sceniques\" style=\"border-radius:15px;background:radial-gradient(rgb(255,206,236) 0%,rgb(186,185,242) 100%)\">2| L&rsquo;impact de la repr\u00e9sentation et de l&rsquo;expression dans les Arts : <br>Musique, \u0152uvres Graphiques et Arts Sc\u00e9niques<\/a><\/div>\n<\/div>\n\n\n\n<div style=\"height:30px\" aria-hidden=\"true\" class=\"wp-block-spacer\"><\/div>\n\n\n\n<div class=\"wp-block-buttons is-content-justification-center is-layout-flex wp-container-core-buttons-is-layout-3 wp-block-buttons-is-layout-flex\">\n<div class=\"wp-block-button has-custom-font-size has-large-font-size\"><a class=\"wp-block-button__link has-black-color has-text-color has-background has-link-color wp-element-button\" href=\"https:\/\/dencre-et-de-mots.com\/index.php\/2024\/09\/24\/similitudes-et-divergences-entre-la-revolution-intellectuelle-en-europe-du-xviiie-siecle-et-celle-du-xxie-siecle\" style=\"border-radius:15px;background:radial-gradient(rgb(255,206,236) 0%,rgb(186,185,242) 100%)\">3| Similitudes et divergences entre la R\u00e9volution Intellectuelle en Europe <br>Du XVIII<sup>e<\/sup> Si\u00e8cle et celle du XXI<sup>e<\/sup> Si\u00e8cle<\/a><\/div>\n<\/div>\n\n\n\n<div style=\"height:30px\" aria-hidden=\"true\" class=\"wp-block-spacer\"><\/div>\n\n\n\n<div class=\"wp-block-buttons is-content-justification-center is-layout-flex wp-container-core-buttons-is-layout-4 wp-block-buttons-is-layout-flex\">\n<div class=\"wp-block-button has-custom-font-size has-large-font-size\"><a class=\"wp-block-button__link has-black-color has-text-color has-background has-link-color wp-element-button\" href=\"https:\/\/dencre-et-de-mots.com\/index.php\/2024\/09\/24\/levolution-des-sciences-et-des-techniques-reseaux-savants-et-circulations-des-idees-a-travers-lhistoire\" style=\"border-radius:15px;background:radial-gradient(rgb(255,206,236) 0%,rgb(186,185,242) 100%)\">4| L&rsquo;\u00e9volution des sciences et des techniques : <br>R\u00e9seaux savants et circulations des id\u00e9es \u00e0 travers l&rsquo;histoire<\/a><\/div>\n<\/div>\n\n\n\n<div style=\"height:30px\" aria-hidden=\"true\" class=\"wp-block-spacer\"><\/div>\n\n\n\n<div class=\"wp-block-buttons is-content-justification-center is-layout-flex wp-container-core-buttons-is-layout-5 wp-block-buttons-is-layout-flex\">\n<div class=\"wp-block-button has-custom-font-size has-large-font-size\"><a class=\"wp-block-button__link has-black-color has-text-color has-background has-link-color wp-element-button\" href=\"https:\/\/dencre-et-de-mots.com\/index.php\/2024\/09\/24\/regards-croises-sur-les-reseaux-savants-franco-quebecois-histoire-echanges-et-acculturation\" style=\"border-radius:15px;background:radial-gradient(rgb(255,206,236) 0%,rgb(186,185,242) 100%)\">5| Regards crois\u00e9s sur les r\u00e9seaux savants franco-qu\u00e9b\u00e9cois : <br>Histoires, \u00e9changes et acculturations<\/a><\/div>\n<\/div>\n","protected":false},"excerpt":{"rendered":"","protected":false},"author":1,"featured_media":0,"parent":0,"menu_order":0,"comment_status":"closed","ping_status":"closed","template":"","meta":{"footnotes":""},"class_list":{"0":"post-1649","1":"page","2":"type-page","3":"status-publish","5":"col-md-12"},"aioseo_notices":[],"_links":{"self":[{"href":"https:\/\/dencre-et-de-mots.com\/index.php\/wp-json\/wp\/v2\/pages\/1649","targetHints":{"allow":["GET"]}}],"collection":[{"href":"https:\/\/dencre-et-de-mots.com\/index.php\/wp-json\/wp\/v2\/pages"}],"about":[{"href":"https:\/\/dencre-et-de-mots.com\/index.php\/wp-json\/wp\/v2\/types\/page"}],"author":[{"embeddable":true,"href":"https:\/\/dencre-et-de-mots.com\/index.php\/wp-json\/wp\/v2\/users\/1"}],"replies":[{"embeddable":true,"href":"https:\/\/dencre-et-de-mots.com\/index.php\/wp-json\/wp\/v2\/comments?post=1649"}],"version-history":[{"count":12,"href":"https:\/\/dencre-et-de-mots.com\/index.php\/wp-json\/wp\/v2\/pages\/1649\/revisions"}],"predecessor-version":[{"id":1808,"href":"https:\/\/dencre-et-de-mots.com\/index.php\/wp-json\/wp\/v2\/pages\/1649\/revisions\/1808"}],"wp:attachment":[{"href":"https:\/\/dencre-et-de-mots.com\/index.php\/wp-json\/wp\/v2\/media?parent=1649"}],"curies":[{"name":"wp","href":"https:\/\/api.w.org\/{rel}","templated":true}]}}