{"id":1654,"date":"2024-09-24T15:09:20","date_gmt":"2024-09-24T13:09:20","guid":{"rendered":"https:\/\/dencre-et-de-mots.com\/?page_id=1654"},"modified":"2024-09-29T16:22:28","modified_gmt":"2024-09-29T14:22:28","slug":"environnement-ecologie-tourisme","status":"publish","type":"page","link":"https:\/\/dencre-et-de-mots.com\/index.php\/environnement-ecologie-tourisme\/","title":{"rendered":"ENVIRONNEMENT, \u00c9COLOGIE &amp; TOURISME"},"content":{"rendered":"\n<div style=\"height:60px\" aria-hidden=\"true\" class=\"wp-block-spacer\"><\/div>\n\n\n\n<div class=\"wp-block-buttons is-content-justification-center is-layout-flex wp-container-core-buttons-is-layout-1 wp-block-buttons-is-layout-flex\" style=\"font-style:italic;font-weight:400\">\n<div class=\"wp-block-button has-custom-font-size has-large-font-size\" style=\"font-style:normal;font-weight:400\"><a class=\"wp-block-button__link has-black-color has-text-color has-background has-link-color wp-element-button\" href=\"https:\/\/dencre-et-de-mots.com\/index.php\/2024\/09\/24\/a-la-decouverte-du-parc-naturel-regional-du-doubs-horloger\" style=\"border-radius:15px;background:radial-gradient(rgb(222,246,183) 36%,rgb(101,170,108) 100%)\">1| \u00c0 la d\u00e9couverte du Parc Naturel R\u00e9gional du Doubs Horloger<\/a><\/div>\n<\/div>\n\n\n\n<div style=\"height:30px\" aria-hidden=\"true\" class=\"wp-block-spacer\"><\/div>\n\n\n\n<div class=\"wp-block-buttons is-content-justification-center is-layout-flex wp-container-core-buttons-is-layout-2 wp-block-buttons-is-layout-flex\" style=\"font-style:italic;font-weight:400\">\n<div class=\"wp-block-button has-custom-font-size has-large-font-size\" style=\"font-style:normal;font-weight:400\"><a class=\"wp-block-button__link has-black-color has-text-color has-background has-link-color wp-element-button\" href=\"https:\/\/dencre-et-de-mots.com\/index.php\/2024\/09\/24\/les-changements-terrestres-est-ce-la-faute-des-humains\" style=\"border-radius:15px;background:radial-gradient(rgb(222,246,183) 38%,rgb(101,170,108) 100%)\">2| Les changements Terrestres : Est-ce la faute des Humains ?<\/a><\/div>\n<\/div>\n\n\n\n<div style=\"height:30px\" aria-hidden=\"true\" class=\"wp-block-spacer\"><\/div>\n\n\n\n<div class=\"wp-block-buttons is-content-justification-center is-layout-flex wp-container-core-buttons-is-layout-3 wp-block-buttons-is-layout-flex\" style=\"font-style:italic;font-weight:400\">\n<div class=\"wp-block-button has-custom-font-size has-large-font-size\" style=\"font-style:normal;font-weight:400\"><a class=\"wp-block-button__link has-black-color has-text-color has-background has-link-color wp-element-button\" href=\"https:\/\/dencre-et-de-mots.com\/index.php\/2024\/09\/24\/la-biodiversite-a-lheure-du-changement-climatique-ladaptation-de-la-faune-et-de-la-flore-face-a-notre-nouvel-ecosysteme\" style=\"border-radius:15px;background:radial-gradient(rgb(222,246,183) 37%,rgb(101,170,108) 100%)\">3| La biodiversit\u00e9 \u00e0 l&rsquo;heure du changement climatique : <br>L&rsquo;adaptation de la faune et de la flore face \u00e0 notre nouvel \u00e9cosyst\u00e8me<\/a><\/div>\n<\/div>\n\n\n\n<div style=\"height:30px\" aria-hidden=\"true\" class=\"wp-block-spacer\"><\/div>\n\n\n\n<div class=\"wp-block-buttons is-content-justification-center is-layout-flex wp-container-core-buttons-is-layout-4 wp-block-buttons-is-layout-flex\" style=\"font-style:italic;font-weight:400\">\n<div class=\"wp-block-button has-custom-font-size has-large-font-size\" style=\"font-style:normal;font-weight:400\"><a class=\"wp-block-button__link has-black-color has-text-color has-background has-link-color wp-element-button\" href=\"https:\/\/dencre-et-de-mots.com\/index.php\/2024\/09\/24\/leffervescence-des-volcans-et-des-chaines-volcaniques-terrestres-et-sous-marines-que-faut-il-en-penser\" style=\"border-radius:15px;background:radial-gradient(rgb(222,246,183) 38%,rgb(101,170,108) 100%)\">4| L\u2019effervescence des volcans et des chaines volcaniques terrestres et sous-marines : <br>Que faut il en penser ?<\/a><\/div>\n<\/div>\n","protected":false},"excerpt":{"rendered":"","protected":false},"author":1,"featured_media":0,"parent":0,"menu_order":0,"comment_status":"closed","ping_status":"closed","template":"","meta":{"footnotes":""},"class_list":{"0":"post-1654","1":"page","2":"type-page","3":"status-publish","5":"col-md-12"},"aioseo_notices":[],"_links":{"self":[{"href":"https:\/\/dencre-et-de-mots.com\/index.php\/wp-json\/wp\/v2\/pages\/1654","targetHints":{"allow":["GET"]}}],"collection":[{"href":"https:\/\/dencre-et-de-mots.com\/index.php\/wp-json\/wp\/v2\/pages"}],"about":[{"href":"https:\/\/dencre-et-de-mots.com\/index.php\/wp-json\/wp\/v2\/types\/page"}],"author":[{"embeddable":true,"href":"https:\/\/dencre-et-de-mots.com\/index.php\/wp-json\/wp\/v2\/users\/1"}],"replies":[{"embeddable":true,"href":"https:\/\/dencre-et-de-mots.com\/index.php\/wp-json\/wp\/v2\/comments?post=1654"}],"version-history":[{"count":13,"href":"https:\/\/dencre-et-de-mots.com\/index.php\/wp-json\/wp\/v2\/pages\/1654\/revisions"}],"predecessor-version":[{"id":1812,"href":"https:\/\/dencre-et-de-mots.com\/index.php\/wp-json\/wp\/v2\/pages\/1654\/revisions\/1812"}],"wp:attachment":[{"href":"https:\/\/dencre-et-de-mots.com\/index.php\/wp-json\/wp\/v2\/media?parent=1654"}],"curies":[{"name":"wp","href":"https:\/\/api.w.org\/{rel}","templated":true}]}}