{"id":1659,"date":"2024-09-24T15:14:47","date_gmt":"2024-09-24T13:14:47","guid":{"rendered":"https:\/\/dencre-et-de-mots.com\/?page_id=1659"},"modified":"2024-10-23T16:06:54","modified_gmt":"2024-10-23T14:06:54","slug":"question-de-societe","status":"publish","type":"page","link":"https:\/\/dencre-et-de-mots.com\/index.php\/question-de-societe\/","title":{"rendered":"QUESTIONS DE SOCI\u00c9T\u00c9"},"content":{"rendered":"\n<div style=\"height:60px\" aria-hidden=\"true\" class=\"wp-block-spacer\"><\/div>\n\n\n\n<div class=\"wp-block-buttons is-content-justification-center is-layout-flex wp-container-core-buttons-is-layout-1 wp-block-buttons-is-layout-flex\">\n<div class=\"wp-block-button has-custom-font-size has-large-font-size\"><a class=\"wp-block-button__link has-black-color has-text-color has-background has-link-color wp-element-button\" href=\"https:\/\/dencre-et-de-mots.com\/index.php\/2024\/09\/24\/levolution-cognitive-et-le-developpement-intellectuel-des-enfants-au-xxie-siecle\/\" style=\"border-radius:15px;background:radial-gradient(rgb(242,210,196) 29%,rgb(163,93,27) 100%)\">1| L&rsquo;\u00e9volution cognitive et le d\u00e9veloppement intellectuel des enfants au XXI<sup>e<\/sup> si\u00e8cle<\/a><\/div>\n<\/div>\n\n\n\n<div style=\"height:30px\" aria-hidden=\"true\" class=\"wp-block-spacer\"><\/div>\n\n\n\n<div class=\"wp-block-buttons is-content-justification-center is-layout-flex wp-container-core-buttons-is-layout-2 wp-block-buttons-is-layout-flex\">\n<div class=\"wp-block-button has-custom-font-size has-large-font-size\"><a class=\"wp-block-button__link has-black-color has-text-color has-background has-link-color wp-element-button\" href=\"https:\/\/dencre-et-de-mots.com\/index.php\/2024\/09\/24\/vivre-la-maladie-aujourdhui-dans-un-contexte-social-de-plus-en-plus-raciste\" style=\"border-radius:15px;background:radial-gradient(rgb(242,210,196) 32%,rgb(163,93,27) 100%)\">2| Vivre la Maladie aujourd&rsquo;hui dans un contexte social de plus en plus raciste<\/a><\/div>\n<\/div>\n\n\n\n<div style=\"height:30px\" aria-hidden=\"true\" class=\"wp-block-spacer\"><\/div>\n\n\n\n<div class=\"wp-block-buttons is-content-justification-center is-layout-flex wp-container-core-buttons-is-layout-3 wp-block-buttons-is-layout-flex\">\n<div class=\"wp-block-button has-custom-font-size has-large-font-size\"><a class=\"wp-block-button__link has-black-color has-text-color has-background has-link-color wp-element-button\" href=\"https:\/\/dencre-et-de-mots.com\/index.php\/2024\/09\/24\/les-beautes-feminines-vivre-en-harmonie-avec-son-corps-et-son-esprit-a-travers-les-ages-et-le-temps\" style=\"border-radius:15px;background:radial-gradient(rgb(242,210,196) 31%,rgb(163,93,27) 100%)\">3| Les beaut\u00e9s f\u00e9minines : vivre en harmonie avec son corps et son esprit <br>\u00e0 travers les \u00e2ges et le temps !<\/a><\/div>\n<\/div>\n\n\n\n<div style=\"height:30px\" aria-hidden=\"true\" class=\"wp-block-spacer\"><\/div>\n\n\n\n<div class=\"wp-block-buttons is-content-justification-center is-layout-flex wp-container-core-buttons-is-layout-4 wp-block-buttons-is-layout-flex\">\n<div class=\"wp-block-button has-custom-font-size has-large-font-size\"><a class=\"wp-block-button__link has-black-color has-text-color has-background has-link-color wp-element-button\" href=\"https:\/\/dencre-et-de-mots.com\/index.php\/2024\/09\/29\/quelle-place-donner-au-luxe-aujourdhui\" style=\"border-radius:15px;background:radial-gradient(rgb(242,210,196) 37%,rgb(163,93,27) 100%)\">4| Quelle place donner au Luxe aujourd&rsquo;hui ?<\/a><\/div>\n<\/div>\n\n\n\n<div style=\"height:30px\" aria-hidden=\"true\" class=\"wp-block-spacer\"><\/div>\n\n\n\n<div class=\"wp-block-buttons has-custom-font-size has-large-font-size is-content-justification-center is-layout-flex wp-container-core-buttons-is-layout-5 wp-block-buttons-is-layout-flex\">\n<div class=\"wp-block-button has-custom-font-size has-large-font-size\"><a class=\"wp-block-button__link has-black-color has-text-color has-background has-link-color wp-element-button\" href=\"https:\/\/dencre-et-de-mots.com\/index.php\/2024\/10\/23\/lart-culinaire-dhier-a-aujourdhui-evolution-de-la-gastronomie\" style=\"border-radius:15px;background:radial-gradient(rgb(247,247,248) 0%,rgb(163,93,27) 100%)\">5| L&rsquo;art culinaire d&rsquo;hier \u00e0 aujourd&rsquo;hui : \u00c9volution de la gastronomie<\/a><\/div>\n<\/div>\n\n\n\n<div style=\"height:30px\" aria-hidden=\"true\" class=\"wp-block-spacer\"><\/div>\n\n\n\n<div class=\"wp-block-buttons is-content-justification-center is-layout-flex wp-container-core-buttons-is-layout-6 wp-block-buttons-is-layout-flex\">\n<div class=\"wp-block-button has-custom-font-size has-large-font-size\"><a class=\"wp-block-button__link has-black-color has-text-color has-background has-link-color wp-element-button\" href=\"https:\/\/dencre-et-de-mots.com\/index.php\/2024\/09\/24\/la-redefinition-de-lamour-de-lamitie-et-de-laffection-a-lepoque-de-la-deshumanisation\" style=\"border-radius:15px;background:radial-gradient(rgb(242,210,196) 31%,rgb(163,93,27) 100%)\">6| La Red\u00e9finition de l&rsquo;Amour, de l&rsquo;Amiti\u00e9 et de l&rsquo;Affection \u00e0 <br>l&rsquo;\u00e9poque de la d\u00e9shumanisation<\/a><\/div>\n<\/div>\n\n\n\n<div style=\"height:30px\" aria-hidden=\"true\" class=\"wp-block-spacer\"><\/div>\n\n\n\n<div class=\"wp-block-buttons is-content-justification-center is-layout-flex wp-container-core-buttons-is-layout-7 wp-block-buttons-is-layout-flex\">\n<div class=\"wp-block-button has-custom-font-size has-large-font-size\"><a class=\"wp-block-button__link has-black-color has-text-color has-background has-link-color wp-element-button\" href=\"https:\/\/dencre-et-de-mots.com\/index.php\/2024\/09\/29\/trouver-sa-place-definir-son-identite-au-sein-de-la-nation-de-la-societe-de-la-communaute-et-de-la-famille\" style=\"border-radius:15px;background:radial-gradient(rgb(242,210,196) 34%,rgb(163,93,27) 100%)\">7| Trouver Sa Place : D\u00e9finir son identit\u00e9 au sein de la nation, de la soci\u00e9t\u00e9, <br>de la communaut\u00e9 et de la famille<\/a><\/div>\n<\/div>\n\n\n\n<div style=\"height:30px\" aria-hidden=\"true\" class=\"wp-block-spacer\"><\/div>\n\n\n\n<div class=\"wp-block-buttons is-content-justification-center is-layout-flex wp-container-core-buttons-is-layout-8 wp-block-buttons-is-layout-flex\">\n<div class=\"wp-block-button has-custom-font-size has-large-font-size\"><a class=\"wp-block-button__link has-black-color has-text-color has-background has-link-color wp-element-button\" href=\"https:\/\/dencre-et-de-mots.com\/index.php\/2024\/09\/29\/pourquoi-les-changements-et-les-evenements-imprevus-font-ils-peur-comment-lutter-contre-ce-qui-nest-pas-coutumier\" style=\"border-radius:15px;background:radial-gradient(rgb(242,210,196) 32%,rgb(163,93,27) 100%)\">8| Pourquoi les changements et les \u00e9v\u00e9nements impr\u00e9vus font-ils peur ? <br>Comment lutter contre ce qui n&rsquo;est pas coutumier ?<\/a><\/div>\n<\/div>\n\n\n\n<div style=\"height:30px\" aria-hidden=\"true\" class=\"wp-block-spacer\"><\/div>\n\n\n\n<div class=\"wp-block-buttons is-content-justification-center is-layout-flex wp-container-core-buttons-is-layout-9 wp-block-buttons-is-layout-flex\">\n<div class=\"wp-block-button has-custom-font-size has-large-font-size\"><a class=\"wp-block-button__link has-black-color has-text-color has-background has-link-color wp-element-button\" href=\"https:\/\/dencre-et-de-mots.com\/index.php\/2024\/09\/24\/guerre-bacteriologique-et-armes-biologiques-comment-croire-quand-on-ne-voit-pas\" style=\"border-radius:15px;background:radial-gradient(rgb(242,210,196) 26%,rgb(163,93,27) 100%)\">9| Guerre bact\u00e9riologique et armes biologiques : <br>Comment croire quand on ne voit pas !<\/a><\/div>\n<\/div>\n\n\n\n<div style=\"height:30px\" aria-hidden=\"true\" class=\"wp-block-spacer\"><\/div>\n\n\n\n<div class=\"wp-block-buttons is-content-justification-center is-layout-flex wp-container-core-buttons-is-layout-10 wp-block-buttons-is-layout-flex\">\n<div class=\"wp-block-button has-custom-font-size has-large-font-size\"><a class=\"wp-block-button__link has-black-color has-text-color has-background has-link-color wp-element-button\" href=\"https:\/\/dencre-et-de-mots.com\/index.php\/2024\/09\/24\/le-danger-des-reseaux-sociaux-et-de-lintelligence-artificielle-comment-se-forger-sa-propre-opinion\" style=\"border-radius:15px;background:radial-gradient(rgb(242,210,196) 30%,rgb(163,93,27) 100%)\">10| Le danger des r\u00e9seaux sociaux et de l&rsquo;Intelligence Artificielle : <br>Comment se forger sa propre opinion ?<\/a><\/div>\n<\/div>\n\n\n\n<div style=\"height:30px\" aria-hidden=\"true\" class=\"wp-block-spacer\"><\/div>\n\n\n\n<div class=\"wp-block-buttons is-content-justification-center is-layout-flex wp-container-core-buttons-is-layout-11 wp-block-buttons-is-layout-flex\">\n<div class=\"wp-block-button has-custom-font-size has-large-font-size\"><a class=\"wp-block-button__link has-black-color has-text-color has-background has-link-color wp-element-button\" href=\"https:\/\/dencre-et-de-mots.com\/index.php\/2024\/09\/24\/complotisme-radicalisme-wokisme-quand-penser-different-du-bien-commun-derange-et-represente-un-danger-pour-autrui\" style=\"border-radius:15px;background:radial-gradient(rgb(242,210,196) 30%,rgb(163,93,27) 100%)\">11| Complotisme, Radicalisme, Wokisme : <br>Quand penser diff\u00e9rent du bien-commun d\u00e9range et repr\u00e9sente un danger pour autrui<\/a><\/div>\n<\/div>\n\n\n\n<div style=\"height:30px\" aria-hidden=\"true\" class=\"wp-block-spacer\"><\/div>\n\n\n\n<div class=\"wp-block-buttons is-content-justification-center is-layout-flex wp-container-core-buttons-is-layout-12 wp-block-buttons-is-layout-flex\">\n<div class=\"wp-block-button has-custom-font-size has-large-font-size\"><a class=\"wp-block-button__link has-black-color has-text-color has-background has-link-color wp-element-button\" href=\"https:\/\/dencre-et-de-mots.com\/index.php\/2024\/10\/23\/le-pouvoir-definition-conquete-et-impact-dans-nos-societes-modernes\" style=\"border-radius:15px;background:radial-gradient(rgb(242,210,196) 30%,rgb(163,93,27) 100%)\">12| Le Pouvoir : D\u00e9finition, Conqu\u00eate et Impact dans nos soci\u00e9t\u00e9s modernes<\/a><\/div>\n<\/div>\n","protected":false},"excerpt":{"rendered":"","protected":false},"author":1,"featured_media":0,"parent":0,"menu_order":0,"comment_status":"closed","ping_status":"closed","template":"","meta":{"footnotes":""},"class_list":{"0":"post-1659","1":"page","2":"type-page","3":"status-publish","5":"col-md-12"},"aioseo_notices":[],"_links":{"self":[{"href":"https:\/\/dencre-et-de-mots.com\/index.php\/wp-json\/wp\/v2\/pages\/1659","targetHints":{"allow":["GET"]}}],"collection":[{"href":"https:\/\/dencre-et-de-mots.com\/index.php\/wp-json\/wp\/v2\/pages"}],"about":[{"href":"https:\/\/dencre-et-de-mots.com\/index.php\/wp-json\/wp\/v2\/types\/page"}],"author":[{"embeddable":true,"href":"https:\/\/dencre-et-de-mots.com\/index.php\/wp-json\/wp\/v2\/users\/1"}],"replies":[{"embeddable":true,"href":"https:\/\/dencre-et-de-mots.com\/index.php\/wp-json\/wp\/v2\/comments?post=1659"}],"version-history":[{"count":29,"href":"https:\/\/dencre-et-de-mots.com\/index.php\/wp-json\/wp\/v2\/pages\/1659\/revisions"}],"predecessor-version":[{"id":1880,"href":"https:\/\/dencre-et-de-mots.com\/index.php\/wp-json\/wp\/v2\/pages\/1659\/revisions\/1880"}],"wp:attachment":[{"href":"https:\/\/dencre-et-de-mots.com\/index.php\/wp-json\/wp\/v2\/media?parent=1659"}],"curies":[{"name":"wp","href":"https:\/\/api.w.org\/{rel}","templated":true}]}}