{"id":1662,"date":"2024-09-24T15:17:15","date_gmt":"2024-09-24T13:17:15","guid":{"rendered":"https:\/\/dencre-et-de-mots.com\/?page_id=1662"},"modified":"2024-10-23T15:54:24","modified_gmt":"2024-10-23T13:54:24","slug":"litterature-media-communication","status":"publish","type":"page","link":"https:\/\/dencre-et-de-mots.com\/index.php\/litterature-media-communication\/","title":{"rendered":"LITT\u00c9RATURE, M\u00c9DIA &amp; COMMUNICATION"},"content":{"rendered":"\n<div style=\"height:60px\" aria-hidden=\"true\" class=\"wp-block-spacer\"><\/div>\n\n\n\n<div class=\"wp-block-buttons is-content-justification-center is-layout-flex wp-container-core-buttons-is-layout-1 wp-block-buttons-is-layout-flex\">\n<div class=\"wp-block-button has-custom-font-size has-large-font-size\"><a class=\"wp-block-button__link has-black-color has-text-color has-background has-link-color wp-element-button\" href=\"https:\/\/dencre-et-de-mots.com\/index.php\/2024\/09\/24\/la-redaction-de-contenu-a-travers-le-prisme-de-letude-anthropologique\" style=\"border-radius:15px;background:radial-gradient(rgb(248,225,163) 44%,rgb(240,128,48) 100%)\">1| La r\u00e9daction de contenu \u00e0 travers le prisme de l&rsquo;\u00e9tude anthropologique<\/a><\/div>\n<\/div>\n\n\n\n<div style=\"height:30px\" aria-hidden=\"true\" class=\"wp-block-spacer\"><\/div>\n\n\n\n<div class=\"wp-block-buttons is-content-justification-center is-layout-flex wp-container-core-buttons-is-layout-2 wp-block-buttons-is-layout-flex\">\n<div class=\"wp-block-button has-custom-font-size has-large-font-size\"><a class=\"wp-block-button__link has-black-color has-text-color has-background has-link-color wp-element-button\" href=\"https:\/\/dencre-et-de-mots.com\/index.php\/2024\/10\/23\/le-monde-de-ledition-aujourdhui\/\" style=\"border-radius:15px;background:radial-gradient(rgb(248,225,163) 41%,rgb(240,128,48) 100%)\">2| Le monde de l&rsquo;\u00c9dition aujourd&rsquo;hui<\/a><\/div>\n<\/div>\n\n\n\n<div style=\"height:30px\" aria-hidden=\"true\" class=\"wp-block-spacer\"><\/div>\n\n\n\n<div class=\"wp-block-buttons is-content-justification-center is-layout-flex wp-container-core-buttons-is-layout-3 wp-block-buttons-is-layout-flex\">\n<div class=\"wp-block-button has-custom-font-size has-large-font-size\"><a class=\"wp-block-button__link has-black-color has-text-color has-background has-link-color wp-element-button\" href=\"https:\/\/dencre-et-de-mots.com\/index.php\/2024\/09\/24\/ladaptation-des-romans-et-des-best-sellers-entre-fidelite-et-reinterpretation\" style=\"border-radius:15px;background:radial-gradient(rgb(248,225,163) 39%,rgb(240,128,48) 100%)\">3| L&rsquo;adaptation des romans et des Best-sellers : Entre fid\u00e9lit\u00e9 et r\u00e9interpr\u00e9tation<\/a><\/div>\n<\/div>\n\n\n\n<div style=\"height:31px\" aria-hidden=\"true\" class=\"wp-block-spacer\"><\/div>\n\n\n\n<div class=\"wp-block-buttons is-content-justification-center is-layout-flex wp-container-core-buttons-is-layout-4 wp-block-buttons-is-layout-flex\">\n<div class=\"wp-block-button has-custom-font-size has-large-font-size\"><a class=\"wp-block-button__link has-black-color has-text-color has-background has-link-color wp-element-button\" href=\"https:\/\/dencre-et-de-mots.com\/index.php\/2024\/09\/06\/https-dencre-et-de-mots-com-index-php-portfolio-articles-blog\" style=\"border-radius:15px;background:radial-gradient(rgb(248,225,163) 42%,rgb(240,128,48) 100%)\">4| Science-fiction : Imaginaire utopique ou reflet futuriste r\u00e9el ?<\/a><\/div>\n<\/div>\n\n\n\n<div style=\"height:31px\" aria-hidden=\"true\" class=\"wp-block-spacer\"><\/div>\n\n\n\n<div class=\"wp-block-buttons is-content-justification-center is-layout-flex wp-container-core-buttons-is-layout-5 wp-block-buttons-is-layout-flex\">\n<div class=\"wp-block-button has-custom-font-size has-large-font-size\"><a class=\"wp-block-button__link has-black-color has-text-color has-background has-link-color wp-element-button\" href=\"https:\/\/dencre-et-de-mots.com\/index.php\/2024\/09\/24\/analyse-et-psychanalyse-du-developpement-croissant-des-themes-imaginaires-dans-notre-societe\" style=\"border-radius:15px;background:radial-gradient(rgb(248,225,163) 41%,rgb(240,128,48) 100%)\">5| Analyse et psychanalyse du d\u00e9veloppement croissant <br>des th\u00e8mes imaginaires dans notre soci\u00e9t\u00e9<\/a><\/div>\n<\/div>\n","protected":false},"excerpt":{"rendered":"","protected":false},"author":1,"featured_media":0,"parent":0,"menu_order":0,"comment_status":"closed","ping_status":"closed","template":"","meta":{"footnotes":""},"class_list":{"0":"post-1662","1":"page","2":"type-page","3":"status-publish","5":"col-md-12"},"aioseo_notices":[],"_links":{"self":[{"href":"https:\/\/dencre-et-de-mots.com\/index.php\/wp-json\/wp\/v2\/pages\/1662","targetHints":{"allow":["GET"]}}],"collection":[{"href":"https:\/\/dencre-et-de-mots.com\/index.php\/wp-json\/wp\/v2\/pages"}],"about":[{"href":"https:\/\/dencre-et-de-mots.com\/index.php\/wp-json\/wp\/v2\/types\/page"}],"author":[{"embeddable":true,"href":"https:\/\/dencre-et-de-mots.com\/index.php\/wp-json\/wp\/v2\/users\/1"}],"replies":[{"embeddable":true,"href":"https:\/\/dencre-et-de-mots.com\/index.php\/wp-json\/wp\/v2\/comments?post=1662"}],"version-history":[{"count":10,"href":"https:\/\/dencre-et-de-mots.com\/index.php\/wp-json\/wp\/v2\/pages\/1662\/revisions"}],"predecessor-version":[{"id":1870,"href":"https:\/\/dencre-et-de-mots.com\/index.php\/wp-json\/wp\/v2\/pages\/1662\/revisions\/1870"}],"wp:attachment":[{"href":"https:\/\/dencre-et-de-mots.com\/index.php\/wp-json\/wp\/v2\/media?parent=1662"}],"curies":[{"name":"wp","href":"https:\/\/api.w.org\/{rel}","templated":true}]}}