{"id":1665,"date":"2024-09-24T15:18:52","date_gmt":"2024-09-24T13:18:52","guid":{"rendered":"https:\/\/dencre-et-de-mots.com\/?page_id=1665"},"modified":"2024-10-23T16:03:48","modified_gmt":"2024-10-23T14:03:48","slug":"entreprise-recherche-developpement","status":"publish","type":"page","link":"https:\/\/dencre-et-de-mots.com\/index.php\/entreprise-recherche-developpement\/","title":{"rendered":"ENTREPRISE, RECHERCHE &amp; D\u00c9VELOPPEMENT"},"content":{"rendered":"\n<div style=\"height:60px\" aria-hidden=\"true\" class=\"wp-block-spacer\"><\/div>\n\n\n\n<div class=\"wp-block-buttons is-content-justification-center is-layout-flex wp-container-core-buttons-is-layout-1 wp-block-buttons-is-layout-flex\">\n<div class=\"wp-block-button has-custom-font-size has-large-font-size\"><a class=\"wp-block-button__link has-black-color has-text-color has-background has-link-color wp-element-button\" href=\"https:\/\/dencre-et-de-mots.com\/index.php\/2024\/09\/29\/comment-envisager-les-entreprises-de-demain\" style=\"border-radius:15px;background:radial-gradient(rgb(255,245,203) 0%,rgb(182,227,212) 54%,rgb(51,167,181) 100%)\">1| Comment envisager les entreprises de demain ?<\/a><\/div>\n<\/div>\n\n\n\n<div style=\"height:30px\" aria-hidden=\"true\" class=\"wp-block-spacer\"><\/div>\n\n\n\n<div class=\"wp-block-buttons is-content-justification-center is-layout-flex wp-container-core-buttons-is-layout-2 wp-block-buttons-is-layout-flex\">\n<div class=\"wp-block-button has-custom-font-size has-large-font-size\"><a class=\"wp-block-button__link has-black-color has-text-color has-background has-link-color wp-element-button\" href=\"https:\/\/dencre-et-de-mots.com\/index.php\/2024\/09\/29\/culture-dentreprise-entre-conservatisme-ruptures-et-innovations\" style=\"border-radius:15px;background:radial-gradient(rgb(255,245,203) 0%,rgb(182,227,212) 57%,rgb(51,167,181) 100%)\">2| Culture d&rsquo;entreprise : entre conservatisme, ruptures et innovations<\/a><\/div>\n<\/div>\n\n\n\n<div style=\"height:30px\" aria-hidden=\"true\" class=\"wp-block-spacer\"><\/div>\n\n\n\n<div class=\"wp-block-buttons is-content-justification-center is-layout-flex wp-container-core-buttons-is-layout-3 wp-block-buttons-is-layout-flex\">\n<div class=\"wp-block-button has-custom-font-size has-large-font-size\"><a class=\"wp-block-button__link has-black-color has-text-color has-background has-link-color wp-element-button\" href=\"https:\/\/dencre-et-de-mots.com\/index.php\/2024\/09\/29\/savoir-concilier-vie-professionnelle-et-vie-privee-entre-realite-et-mythe\" style=\"border-radius:15px;background:radial-gradient(rgb(255,245,203) 0%,rgb(182,227,212) 57%,rgb(51,167,181) 100%)\">3| Savoir concilier vie professionnelle et vie priv\u00e9e : <br>Entre r\u00e9alit\u00e9 et mythe<\/a><\/div>\n<\/div>\n\n\n\n<div style=\"height:30px\" aria-hidden=\"true\" class=\"wp-block-spacer\"><\/div>\n\n\n\n<div class=\"wp-block-buttons is-content-justification-center is-layout-flex wp-container-core-buttons-is-layout-4 wp-block-buttons-is-layout-flex\">\n<div class=\"wp-block-button has-custom-font-size has-large-font-size\"><a class=\"wp-block-button__link has-black-color has-text-color has-background has-link-color wp-element-button\" href=\"https:\/\/dencre-et-de-mots.com\/index.php\/2024\/10\/23\/lapport-des-sciences-humaines-et-sociales-dans-le-management-des-entreprises\/\" style=\"border-radius:15px;background:radial-gradient(rgb(255,245,203) 0%,rgb(182,227,212) 57%,rgb(51,167,181) 100%)\">4| L&rsquo;apport des sciences humaines et sociales dans le management des entreprises<\/a><\/div>\n<\/div>\n","protected":false},"excerpt":{"rendered":"","protected":false},"author":1,"featured_media":0,"parent":0,"menu_order":0,"comment_status":"closed","ping_status":"closed","template":"","meta":{"footnotes":""},"class_list":{"0":"post-1665","1":"page","2":"type-page","3":"status-publish","5":"col-md-12"},"aioseo_notices":[],"_links":{"self":[{"href":"https:\/\/dencre-et-de-mots.com\/index.php\/wp-json\/wp\/v2\/pages\/1665","targetHints":{"allow":["GET"]}}],"collection":[{"href":"https:\/\/dencre-et-de-mots.com\/index.php\/wp-json\/wp\/v2\/pages"}],"about":[{"href":"https:\/\/dencre-et-de-mots.com\/index.php\/wp-json\/wp\/v2\/types\/page"}],"author":[{"embeddable":true,"href":"https:\/\/dencre-et-de-mots.com\/index.php\/wp-json\/wp\/v2\/users\/1"}],"replies":[{"embeddable":true,"href":"https:\/\/dencre-et-de-mots.com\/index.php\/wp-json\/wp\/v2\/comments?post=1665"}],"version-history":[{"count":19,"href":"https:\/\/dencre-et-de-mots.com\/index.php\/wp-json\/wp\/v2\/pages\/1665\/revisions"}],"predecessor-version":[{"id":1877,"href":"https:\/\/dencre-et-de-mots.com\/index.php\/wp-json\/wp\/v2\/pages\/1665\/revisions\/1877"}],"wp:attachment":[{"href":"https:\/\/dencre-et-de-mots.com\/index.php\/wp-json\/wp\/v2\/media?parent=1665"}],"curies":[{"name":"wp","href":"https:\/\/api.w.org\/{rel}","templated":true}]}}