{"id":171,"date":"2024-06-05T01:21:04","date_gmt":"2024-06-04T23:21:04","guid":{"rendered":"https:\/\/dencre-et-de-mots.com\/?page_id=171"},"modified":"2024-08-05T17:03:13","modified_gmt":"2024-08-05T15:03:13","slug":"analyses-ethno-anthropologiques","status":"publish","type":"page","link":"https:\/\/dencre-et-de-mots.com\/index.php\/analyses-ethno-anthropologiques\/","title":{"rendered":"ANALYSES ETHNO-ANTHROPOLOGIQUES"},"content":{"rendered":"\n<figure class=\"wp-block-image size-large\"><img loading=\"lazy\" decoding=\"async\" width=\"1024\" height=\"768\" src=\"https:\/\/dencre-et-de-mots.com\/wp-content\/uploads\/2024\/06\/ethnoanthopo3-1-1024x768.png\" alt=\"\" class=\"wp-image-954\" srcset=\"https:\/\/dencre-et-de-mots.com\/wp-content\/uploads\/2024\/06\/ethnoanthopo3-1-1024x768.png 1024w, https:\/\/dencre-et-de-mots.com\/wp-content\/uploads\/2024\/06\/ethnoanthopo3-1-300x225.png 300w, https:\/\/dencre-et-de-mots.com\/wp-content\/uploads\/2024\/06\/ethnoanthopo3-1-768x576.png 768w, https:\/\/dencre-et-de-mots.com\/wp-content\/uploads\/2024\/06\/ethnoanthopo3-1-1536x1152.png 1536w, https:\/\/dencre-et-de-mots.com\/wp-content\/uploads\/2024\/06\/ethnoanthopo3-1-900x675.png 900w, https:\/\/dencre-et-de-mots.com\/wp-content\/uploads\/2024\/06\/ethnoanthopo3-1-500x375.png 500w, https:\/\/dencre-et-de-mots.com\/wp-content\/uploads\/2024\/06\/ethnoanthopo3-1.png 2000w\" sizes=\"auto, (max-width: 1024px) 100vw, 1024px\" \/><\/figure>\n\n\n\n<blockquote class=\"wp-block-quote is-layout-flow wp-block-quote-is-layout-flow\">\n<p class=\"has-large-font-size\"><strong><em>L&rsquo;Anthropologie est une discipline dont le but premier, sinon le seul,<\/em><\/strong><br><strong><em>est d&rsquo;analyser et interpr\u00e9ter les diff\u00e9rences<\/em><\/strong>.<br><br>Claude LEVI-STRAUSS<\/p>\n<\/blockquote>\n\n\n\n<p class=\"has-white-color has-text-color has-link-color wp-elements-7e4ac651328708ea719ac0894fa30934\">.<\/p>\n\n\n\n<p class=\"has-extra-large-font-size\"><strong>L&rsquo;Anthropologie&nbsp;: une utilit\u00e9 pour les entreprises de demain&nbsp;!<\/strong><\/p>\n\n\n\n<p class=\"has-white-color has-text-color has-link-color wp-elements-7e4ac651328708ea719ac0894fa30934\">.<\/p>\n\n\n\n<p><\/p>\n\n\n\n<p class=\"has-larger-font-size\">L\u2019Anthropologie est un v\u00e9ritable plus pour celles et ceux qui cherchent <br>\u00e0 rendre p\u00e9renne leur institution ou leur entreprise&nbsp;! <br><br>Oubliez l\u2019espace d\u2019un instant l\u2019unique image du chercheur globe-trotteur <br>escaladant la Cordill\u00e8re des Andes, \u00e9tudiant la faune Maorri ou analysant <br>d\u2019anciennes s\u00e9pultures antiques.  <br><br>Aujourd\u2019hui, l\u2019anthropologie s\u2019applique aussi dans des contextes <br>d\u2019entreprises modernes et diversifi\u00e9es.<\/p>\n\n\n\n<p class=\"has-larger-font-size\"><\/p>\n\n\n\n<p class=\"has-white-color has-text-color has-link-color has-larger-font-size wp-elements-4ae3627577a9eea18e54c94e4bf443ef\">.<\/p>\n\n\n\n<p class=\"has-text-align-center\" style=\"font-size:27px\"><em>L\u2019anthropologie peut-elle vraiment \u00eatre utile <br>dans notre monde professionnel ? <\/em><\/p>\n\n\n\n<p class=\"has-text-align-center\" style=\"font-size:27px\">Et bien oui&nbsp;:<\/p>\n\n\n\n<p class=\"has-white-color has-text-color has-link-color wp-elements-7e4ac651328708ea719ac0894fa30934\">.<\/p>\n\n\n\n<p><\/p>\n\n\n\n<ul class=\"wp-block-list\">\n<li class=\"has-larger-font-size\"><strong>En comprenant les diff\u00e9rentes formes de cultures et d\u2019interactions sociales<\/strong><\/li>\n<\/ul>\n\n\n\n<p class=\"has-large-font-size\"><em>L&rsquo;anthropologie permet de mieux comprendre une culture et l\u2019interaction de ses membres. <\/em><br><em>Dans le contexte des entreprises, elle peut aider \u00e0 d\u00e9crypter les dynamiques internes,<\/em><br><em>les comportements des employ\u00e9s et les interactions entre les diff\u00e9rents acteurs au <\/em><br><em>sein des cha\u00eenes hi\u00e9rarchiques et d\u00e9cisionnelles.<\/em><\/p>\n\n\n\n<p><\/p>\n\n\n\n<ul class=\"wp-block-list\">\n<li class=\"has-larger-font-size\"><strong>En travaillant sur les innovations, la recherche et le d\u00e9veloppement<\/strong><\/li>\n<\/ul>\n\n\n\n<p class=\"has-large-font-size\"><em>Les entreprises utilisent l&rsquo;anthropologie pour innover face aux d\u00e9fis du 21<sup>e<\/sup> si\u00e8cle. <\/em><br><em>Les anthropologues peuvent apporter un regard neuf sur les besoins des<\/em><br><em>consommateurs, identifier des opportunit\u00e9s d&rsquo;innovations et contribuer \u00e0 la <\/em><br><em>recherche et au d\u00e9veloppement de nouveaux produits ou services.<\/em><\/p>\n\n\n\n<p><\/p>\n\n\n\n<ul class=\"wp-block-list\">\n<li class=\"has-larger-font-size\"><strong>En compl\u00e9mentarit\u00e9 avec le Marketing et le Design<\/strong><\/li>\n<\/ul>\n\n\n\n<p class=\"has-large-font-size\"><em>Les anthropologues peuvent collaborer avec les \u00e9quipes de marketing et de design.<\/em><br><em>Leurs expertises en mati\u00e8re de compr\u00e9hension des comportements humains et <\/em><br><em>des cultures permettent d\u2019enrichir la r\u00e9flexion sur les produits, les services et les<\/em><br><em>strat\u00e9gies de communication \u00e0 \u00e9tablir pour votre avenir.<\/em><\/p>\n\n\n\n<p class=\"has-white-color has-text-color has-link-color wp-elements-7e4ac651328708ea719ac0894fa30934\">.<\/p>\n\n\n\n<p class=\"has-text-align-center has-huge-font-size\"><\/p>\n\n\n\n<p class=\"has-text-align-center\" style=\"font-size:27px\">L\u2019Anthropologie apporte une perspective unique <br>aux entreprises&nbsp;!<\/p>\n\n\n\n<p class=\"has-white-color has-text-color has-link-color wp-elements-7e4ac651328708ea719ac0894fa30934\">.<\/p>\n\n\n\n<p><\/p>\n\n\n\n<p class=\"has-text-align-left has-larger-font-size\">C\u2019est vous aider \u00e0 mieux comprendre vos employ\u00e9s, vos clients et votre environnement,<br>tout en favorisant l\u2019innovation et le d\u00e9veloppement durable.<\/p>\n\n\n\n<p class=\"has-white-color has-text-color has-link-color wp-elements-7e4ac651328708ea719ac0894fa30934\">.<\/p>\n","protected":false},"excerpt":{"rendered":"<p>L&rsquo;Anthropologie est une discipline dont le but premier, sinon le seul,est d&rsquo;analyser et interpr\u00e9ter les diff\u00e9rences. Claude LEVI-STRAUSS . L&rsquo;Anthropologie&nbsp;: une utilit\u00e9 [&hellip;]<\/p>\n","protected":false},"author":1,"featured_media":0,"parent":0,"menu_order":0,"comment_status":"closed","ping_status":"closed","template":"","meta":{"footnotes":""},"class_list":{"0":"post-171","1":"page","2":"type-page","3":"status-publish","5":"col-md-12"},"aioseo_notices":[],"_links":{"self":[{"href":"https:\/\/dencre-et-de-mots.com\/index.php\/wp-json\/wp\/v2\/pages\/171","targetHints":{"allow":["GET"]}}],"collection":[{"href":"https:\/\/dencre-et-de-mots.com\/index.php\/wp-json\/wp\/v2\/pages"}],"about":[{"href":"https:\/\/dencre-et-de-mots.com\/index.php\/wp-json\/wp\/v2\/types\/page"}],"author":[{"embeddable":true,"href":"https:\/\/dencre-et-de-mots.com\/index.php\/wp-json\/wp\/v2\/users\/1"}],"replies":[{"embeddable":true,"href":"https:\/\/dencre-et-de-mots.com\/index.php\/wp-json\/wp\/v2\/comments?post=171"}],"version-history":[{"count":43,"href":"https:\/\/dencre-et-de-mots.com\/index.php\/wp-json\/wp\/v2\/pages\/171\/revisions"}],"predecessor-version":[{"id":1416,"href":"https:\/\/dencre-et-de-mots.com\/index.php\/wp-json\/wp\/v2\/pages\/171\/revisions\/1416"}],"wp:attachment":[{"href":"https:\/\/dencre-et-de-mots.com\/index.php\/wp-json\/wp\/v2\/media?parent=171"}],"curies":[{"name":"wp","href":"https:\/\/api.w.org\/{rel}","templated":true}]}}