{"id":172,"date":"2024-06-05T01:21:04","date_gmt":"2024-06-04T23:21:04","guid":{"rendered":"https:\/\/dencre-et-de-mots.com\/?page_id=172"},"modified":"2024-07-10T16:21:43","modified_gmt":"2024-07-10T14:21:43","slug":"conseils-en-traitements-archivistiques-et-en-museographie","status":"publish","type":"page","link":"https:\/\/dencre-et-de-mots.com\/index.php\/conseils-en-traitements-archivistiques-et-en-museographie\/","title":{"rendered":"CONSEILS EN TRAITEMENTS ARCHIVISTIQUES &amp; MUSEOGRAPHIQUES"},"content":{"rendered":"\n<p class=\"has-white-color has-text-color has-link-color wp-elements-7e4ac651328708ea719ac0894fa30934\">.<\/p>\n\n\n\n<figure class=\"wp-block-image size-large\"><img loading=\"lazy\" decoding=\"async\" width=\"1024\" height=\"768\" src=\"https:\/\/dencre-et-de-mots.com\/wp-content\/uploads\/2024\/06\/consulting-archivistique-1024x768.png\" alt=\"\" class=\"wp-image-958\" srcset=\"https:\/\/dencre-et-de-mots.com\/wp-content\/uploads\/2024\/06\/consulting-archivistique-1024x768.png 1024w, https:\/\/dencre-et-de-mots.com\/wp-content\/uploads\/2024\/06\/consulting-archivistique-300x225.png 300w, https:\/\/dencre-et-de-mots.com\/wp-content\/uploads\/2024\/06\/consulting-archivistique-768x576.png 768w, https:\/\/dencre-et-de-mots.com\/wp-content\/uploads\/2024\/06\/consulting-archivistique-1536x1152.png 1536w, https:\/\/dencre-et-de-mots.com\/wp-content\/uploads\/2024\/06\/consulting-archivistique-900x675.png 900w, https:\/\/dencre-et-de-mots.com\/wp-content\/uploads\/2024\/06\/consulting-archivistique-500x375.png 500w, https:\/\/dencre-et-de-mots.com\/wp-content\/uploads\/2024\/06\/consulting-archivistique.png 2000w\" sizes=\"auto, (max-width: 1024px) 100vw, 1024px\" \/><\/figure>\n\n\n\n<p><\/p>\n\n\n\n<blockquote class=\"wp-block-quote is-layout-flow wp-block-quote-is-layout-flow\">\n<p class=\"has-large-font-size\"><em><strong>\u00catre sc\u00e9nographe, c&rsquo;est avoir le soucis du d\u00e9tail et emmener <br>la technique \u00e0 se d\u00e9passer [&#8230;] <\/strong><\/em><strong><em>C&rsquo;est toucher le spectateur au c\u0153ur, <\/em><\/strong><br><strong><em>titiller ses neurones. Activer son imaginaire.<\/em><\/strong><br><br>Camille DUGAS<\/p>\n<\/blockquote>\n\n\n\n<p class=\"has-white-color has-text-color has-link-color wp-elements-7e4ac651328708ea719ac0894fa30934\">.<\/p>\n\n\n\n<p class=\"has-extra-large-font-size\"><strong><em>D\u2019Encre et de mots<\/em> : pour vous orienter dans vos <\/strong><br><strong>d\u00e9marches archivistiques et vos projets mus\u00e9ographiques<\/strong><\/p>\n\n\n\n<p class=\"has-white-color has-text-color has-link-color has-larger-font-size wp-elements-4ae3627577a9eea18e54c94e4bf443ef\">.<\/p>\n\n\n\n<p class=\"has-larger-font-size\">En France, l\u2019archivage des entreprises est principalement<br>r\u00e9glement\u00e9 par le Code du patrimoine. <br>Les articles L. 211-1 \u00e0 L. 216-7 de ce code d\u00e9finissent les r\u00e8gles<br>g\u00e9n\u00e9rales de conservation des archives publiques et priv\u00e9es. <\/p>\n\n\n\n<p class=\"has-larger-font-size\">La gestion des archives\u00a0 implique ainsi la collecte, la classification, <br>la conservation, l&rsquo;inventaire et la mise \u00e0 disposition des documents<br>et des informations pertinents pour votre institution<br>ou votre entreprise. <br><br>Cela peut inclure des documents administratifs, financiers, <br>juridiques ou encore historiques.<\/p>\n\n\n\n<p class=\"has-larger-font-size\"><\/p>\n\n\n\n<p class=\"has-white-color has-text-color has-larger-font-size\">.<\/p>\n\n\n\n<p class=\"has-text-align-center\" style=\"font-size:27px\">En conna\u00eetre les notions et les dispositions peut <br>s\u2019av\u00e9rer essentiel pour vous&nbsp;! <\/p>\n\n\n\n<p class=\"has-text-align-center\" style=\"font-size:27px\"><em>N\u2019h\u00e9sitez pas \u00e0 vous renseigner.<\/em> <\/p>\n\n\n\n<p class=\"has-larger-font-size\"><\/p>\n\n\n\n<p class=\"has-white-color has-text-color has-larger-font-size\">.<\/p>\n\n\n\n<p class=\"has-larger-font-size\">Dans le contexte professionnel, dispenser des conseils en<br>mus\u00e9ographie est principalement utile si vous souhaitez <br>cr\u00e9er des expositions sur l\u2019histoire de votre entreprise, <br>ses produits, ses valeurs ou ses innovations. <br><\/p>\n\n\n\n<p class=\"has-larger-font-size\">La mus\u00e9ographie&nbsp;: c\u2019est l\u2019art de concevoir et de r\u00e9aliser pour <br>vous des expositions, des mus\u00e9es, des sites culturels. Cela se<br>r\u00e9alise en g\u00e9n\u00e9ral dans le cadre d\u2019un partenariat professionnel,<br>et ce, pour votre plus grand plaisir&nbsp;!<\/p>\n","protected":false},"excerpt":{"rendered":"<p>. \u00catre sc\u00e9nographe, c&rsquo;est avoir le soucis du d\u00e9tail et emmener la technique \u00e0 se d\u00e9passer [&#8230;] C&rsquo;est toucher le spectateur au [&hellip;]<\/p>\n","protected":false},"author":1,"featured_media":0,"parent":0,"menu_order":0,"comment_status":"closed","ping_status":"closed","template":"","meta":{"footnotes":""},"class_list":{"0":"post-172","1":"page","2":"type-page","3":"status-publish","5":"col-md-12"},"aioseo_notices":[],"_links":{"self":[{"href":"https:\/\/dencre-et-de-mots.com\/index.php\/wp-json\/wp\/v2\/pages\/172","targetHints":{"allow":["GET"]}}],"collection":[{"href":"https:\/\/dencre-et-de-mots.com\/index.php\/wp-json\/wp\/v2\/pages"}],"about":[{"href":"https:\/\/dencre-et-de-mots.com\/index.php\/wp-json\/wp\/v2\/types\/page"}],"author":[{"embeddable":true,"href":"https:\/\/dencre-et-de-mots.com\/index.php\/wp-json\/wp\/v2\/users\/1"}],"replies":[{"embeddable":true,"href":"https:\/\/dencre-et-de-mots.com\/index.php\/wp-json\/wp\/v2\/comments?post=172"}],"version-history":[{"count":21,"href":"https:\/\/dencre-et-de-mots.com\/index.php\/wp-json\/wp\/v2\/pages\/172\/revisions"}],"predecessor-version":[{"id":1120,"href":"https:\/\/dencre-et-de-mots.com\/index.php\/wp-json\/wp\/v2\/pages\/172\/revisions\/1120"}],"wp:attachment":[{"href":"https:\/\/dencre-et-de-mots.com\/index.php\/wp-json\/wp\/v2\/media?parent=172"}],"curies":[{"name":"wp","href":"https:\/\/api.w.org\/{rel}","templated":true}]}}