{"id":173,"date":"2024-06-05T01:21:04","date_gmt":"2024-06-04T23:21:04","guid":{"rendered":"https:\/\/dencre-et-de-mots.com\/?page_id=173"},"modified":"2024-08-05T17:07:03","modified_gmt":"2024-08-05T15:07:03","slug":"gestion-de-linformation-et-de-la-mediation-publique","status":"publish","type":"page","link":"https:\/\/dencre-et-de-mots.com\/index.php\/gestion-de-linformation-et-de-la-mediation-publique\/","title":{"rendered":"GESTION DE L&rsquo;INFORMATION &amp; DE LA MEDIATION PUBLIQUE ET SCIENTIFIQUE"},"content":{"rendered":"\n<figure class=\"wp-block-image size-large\"><img loading=\"lazy\" decoding=\"async\" width=\"1024\" height=\"768\" src=\"https:\/\/dencre-et-de-mots.com\/wp-content\/uploads\/2024\/06\/mediationDoc-1-1024x768.png\" alt=\"\" class=\"wp-image-973\" srcset=\"https:\/\/dencre-et-de-mots.com\/wp-content\/uploads\/2024\/06\/mediationDoc-1-1024x768.png 1024w, https:\/\/dencre-et-de-mots.com\/wp-content\/uploads\/2024\/06\/mediationDoc-1-300x225.png 300w, https:\/\/dencre-et-de-mots.com\/wp-content\/uploads\/2024\/06\/mediationDoc-1-768x576.png 768w, https:\/\/dencre-et-de-mots.com\/wp-content\/uploads\/2024\/06\/mediationDoc-1-1536x1152.png 1536w, https:\/\/dencre-et-de-mots.com\/wp-content\/uploads\/2024\/06\/mediationDoc-1-900x675.png 900w, https:\/\/dencre-et-de-mots.com\/wp-content\/uploads\/2024\/06\/mediationDoc-1-500x375.png 500w, https:\/\/dencre-et-de-mots.com\/wp-content\/uploads\/2024\/06\/mediationDoc-1.png 2000w\" sizes=\"auto, (max-width: 1024px) 100vw, 1024px\" \/><\/figure>\n\n\n\n<blockquote class=\"wp-block-quote is-layout-flow wp-block-quote-is-layout-flow\">\n<p class=\"has-large-font-size\"><strong><em>La chose la plus importante en communication,<\/em><\/strong><br><strong><em>c&rsquo;est d&rsquo;entendre ce qui n&rsquo;est pas dit<\/em><\/strong>.<\/p>\n\n\n\n<p class=\"has-large-font-size\">Peter DRUCKER<\/p>\n<\/blockquote>\n\n\n\n<p class=\"has-white-color has-text-color has-link-color wp-elements-7e4ac651328708ea719ac0894fa30934\">.<\/p>\n\n\n\n<p class=\"has-text-align-left has-extra-large-font-size\"><strong>Sauvegarder, valoriser et diffuser au quotidien<\/strong><\/p>\n\n\n\n<p><\/p>\n\n\n\n<p class=\"has-white-color has-text-color has-link-color wp-elements-7e4ac651328708ea719ac0894fa30934\">.<\/p>\n\n\n\n<p class=\"has-text-align-center\" style=\"font-size:27px\"><em>D\u2019Encre et de mots <\/em>c\u2019est aussi une passerelle vous permettant <br>de dynamiser et de vitaminer l\u2019attractivit\u00e9 de ce que vous avez <br>de plus pr\u00e9cieux \u00e0 r\u00e9v\u00e9ler&nbsp;! <\/p>\n\n\n\n<p class=\"has-text-align-left has-white-color has-text-color has-link-color has-larger-font-size wp-elements-cee9abbd3d93b24516dde1d23facbd75\">.<br><\/p>\n\n\n\n<p class=\"has-text-align-left has-larger-font-size\">Principalement d\u00e9di\u00e9e aux collectivit\u00e9s territoriales, cette<br>prestation a pour but principal de vous aider \u00e0 enraciner et \u00e0<br>booster l\u2019attractivit\u00e9 de votre territoire, de son patrimoine<br>(architectural, gastronomique, naturel\u2026), de son identit\u00e9 <br>ou encore de ses savoirs-faire.<\/p>\n\n\n\n<p class=\"has-white-color has-text-color has-link-color has-larger-font-size wp-elements-4ae3627577a9eea18e54c94e4bf443ef\">.<\/p>\n\n\n\n<p class=\"has-text-align-center\" style=\"font-size:27px\">Faire de la m\u00e9diation, c\u2019est vous accompagner dans le<br>d\u00e9veloppement de vos offres touristiques. <\/p>\n\n\n\n<p class=\"has-white-color has-text-color has-link-color wp-elements-7e4ac651328708ea719ac0894fa30934\">.<\/p>\n\n\n\n<p class=\"has-larger-font-size\">C\u2019est \u00e9galement vous aider \u00e0 vous rendre plus visible aux yeux <br>de votre public ou de vos futurs partenaires gr\u00e2ce aux actions <br>publicitaires et \u00e0 la puissance des r\u00e9seaux sociaux. <\/p>\n\n\n\n<p class=\"has-white-color has-text-color has-link-color wp-elements-7e4ac651328708ea719ac0894fa30934\">.<\/p>\n\n\n\n<p class=\"has-text-align-center\" style=\"font-size:27px\">C\u2019est savoir faire parler de vous, avec bon-go\u00fbt, <br>en suscitant attraits et int\u00e9r\u00eats&nbsp;!<\/p>\n","protected":false},"excerpt":{"rendered":"<p>La chose la plus importante en communication,c&rsquo;est d&rsquo;entendre ce qui n&rsquo;est pas dit. Peter DRUCKER . Sauvegarder, valoriser et diffuser au quotidien [&hellip;]<\/p>\n","protected":false},"author":1,"featured_media":0,"parent":0,"menu_order":0,"comment_status":"closed","ping_status":"closed","template":"","meta":{"footnotes":""},"class_list":{"0":"post-173","1":"page","2":"type-page","3":"status-publish","5":"col-md-12"},"aioseo_notices":[],"_links":{"self":[{"href":"https:\/\/dencre-et-de-mots.com\/index.php\/wp-json\/wp\/v2\/pages\/173","targetHints":{"allow":["GET"]}}],"collection":[{"href":"https:\/\/dencre-et-de-mots.com\/index.php\/wp-json\/wp\/v2\/pages"}],"about":[{"href":"https:\/\/dencre-et-de-mots.com\/index.php\/wp-json\/wp\/v2\/types\/page"}],"author":[{"embeddable":true,"href":"https:\/\/dencre-et-de-mots.com\/index.php\/wp-json\/wp\/v2\/users\/1"}],"replies":[{"embeddable":true,"href":"https:\/\/dencre-et-de-mots.com\/index.php\/wp-json\/wp\/v2\/comments?post=173"}],"version-history":[{"count":15,"href":"https:\/\/dencre-et-de-mots.com\/index.php\/wp-json\/wp\/v2\/pages\/173\/revisions"}],"predecessor-version":[{"id":1418,"href":"https:\/\/dencre-et-de-mots.com\/index.php\/wp-json\/wp\/v2\/pages\/173\/revisions\/1418"}],"wp:attachment":[{"href":"https:\/\/dencre-et-de-mots.com\/index.php\/wp-json\/wp\/v2\/media?parent=173"}],"curies":[{"name":"wp","href":"https:\/\/api.w.org\/{rel}","templated":true}]}}