{"id":174,"date":"2024-06-05T01:21:04","date_gmt":"2024-06-04T23:21:04","guid":{"rendered":"https:\/\/dencre-et-de-mots.com\/?page_id=174"},"modified":"2024-08-05T17:09:25","modified_gmt":"2024-08-05T15:09:25","slug":"documentaliste-et-photographe","status":"publish","type":"page","link":"https:\/\/dencre-et-de-mots.com\/index.php\/documentaliste-et-photographe\/","title":{"rendered":"DOCUMENTALISTE ET PHOTOGRAPHE"},"content":{"rendered":"\n<figure class=\"wp-block-image size-large\"><img loading=\"lazy\" decoding=\"async\" width=\"1024\" height=\"768\" src=\"https:\/\/dencre-et-de-mots.com\/wp-content\/uploads\/2024\/06\/documentaliste-photographe-1024x768.png\" alt=\"\" class=\"wp-image-977\" srcset=\"https:\/\/dencre-et-de-mots.com\/wp-content\/uploads\/2024\/06\/documentaliste-photographe-1024x768.png 1024w, https:\/\/dencre-et-de-mots.com\/wp-content\/uploads\/2024\/06\/documentaliste-photographe-300x225.png 300w, https:\/\/dencre-et-de-mots.com\/wp-content\/uploads\/2024\/06\/documentaliste-photographe-768x576.png 768w, https:\/\/dencre-et-de-mots.com\/wp-content\/uploads\/2024\/06\/documentaliste-photographe-1536x1152.png 1536w, https:\/\/dencre-et-de-mots.com\/wp-content\/uploads\/2024\/06\/documentaliste-photographe-900x675.png 900w, https:\/\/dencre-et-de-mots.com\/wp-content\/uploads\/2024\/06\/documentaliste-photographe-500x375.png 500w, https:\/\/dencre-et-de-mots.com\/wp-content\/uploads\/2024\/06\/documentaliste-photographe.png 2000w\" sizes=\"auto, (max-width: 1024px) 100vw, 1024px\" \/><\/figure>\n\n\n\n<blockquote class=\"wp-block-quote is-layout-flow wp-block-quote-is-layout-flow\">\n<p class=\"has-large-font-size\"><strong><em>La photographie est un instant qui ne r\u00e9fl\u00e9chit pas,<br>suspendue \u00e0 une fraction de secondes qui laisse \u00e0 r\u00e9fl\u00e9chir<\/em><\/strong>.<\/p>\n\n\n\n<p class=\"has-large-font-size\">R\u00e9my DONNADIEU<\/p>\n<\/blockquote>\n\n\n\n<p class=\"has-white-color has-text-color has-link-color wp-elements-7e4ac651328708ea719ac0894fa30934\">.<\/p>\n\n\n\n<p class=\"has-extra-large-font-size\"><strong>Pour pouvoir appr\u00e9hender le visible<\/strong>&#8230;<\/p>\n\n\n\n<p class=\"has-white-color has-text-color has-link-color wp-elements-7e4ac651328708ea719ac0894fa30934\">.<\/p>\n\n\n\n<p class=\"has-larger-font-size\">Parce qu\u2019il ne faut pas simplement savoir trouver les mots <br>pour pouvoir raconter une histoire, votre histoire. Il faut <br>savoir aussi la partager, la diffuser, la rendre visible ! <br><br>Aussi, comme une compl\u00e9mentarit\u00e9 naturelle \u00e0 la recherche<br>et \u00e0 la r\u00e9daction, s\u2019occuper de l\u2019illustration devient un<br><em>incontournable <\/em>de la communication.<\/p>\n\n\n\n<p class=\"has-white-color has-text-color has-link-color wp-elements-7e4ac651328708ea719ac0894fa30934\">.<\/p>\n\n\n\n<p class=\"has-text-align-center\" style=\"font-size:27px\"><em>Documentaliste, Documentation visuelle, <\/em><br><em>Photographe-documentaire, Iconographe \u2026 <\/em><\/p>\n\n\n\n<p class=\"has-white-color has-text-color has-link-color wp-elements-7e4ac651328708ea719ac0894fa30934\">.<\/p>\n\n\n\n<p class=\"has-text-align-left has-larger-font-size\">M\u00eame si chaque m\u00e9tier est unique et poss\u00e8de sa propre sp\u00e9cialit\u00e9, <br>tous renvoient \u00e0 une m\u00eame r\u00e9alit\u00e9&nbsp;: <br>la cr\u00e9ation ou le traitement d\u2019images pour raconter des histoires,<br>documenter des \u00e9v\u00e9nements ou explorer des sujets plus  complexes.<\/p>\n\n\n\n<p class=\"has-larger-font-size\"><\/p>\n\n\n\n<p class=\"has-text-align-left has-larger-font-size\">Parce qu\u2019il n\u2019y a plus gu\u00e8re de textes sans images ou de <br>mus\u00e9es sans sc\u00e9nographies,<em> D\u2019Encre et de mots <\/em>vous propose <br>de collecter, d\u2019organiser et de g\u00e9rer pour vous, images et<br>documents visuels. <br><br>Quelque soit votre secteur d\u2019activit\u00e9 (universitaires, entreprises,<br>m\u00e9dias, cin\u00e9ma, \u00e9dition, communication\u2026), ma\u00eetriser l\u2019<em>Image<\/em> <br>et votre image requi\u00e8re de l\u2019adresse et du travail. <\/p>\n\n\n\n<p class=\"has-white-color has-text-color has-link-color has-larger-font-size wp-elements-4ae3627577a9eea18e54c94e4bf443ef\">.<\/p>\n\n\n\n<p class=\"has-text-align-center\" style=\"font-size:27px\">Comme les mots, le visuel est un outil de communication <br>\u00e0 part enti\u00e8re qu\u2019il convient de cultiver&nbsp;!<\/p>\n","protected":false},"excerpt":{"rendered":"<p>La photographie est un instant qui ne r\u00e9fl\u00e9chit pas,suspendue \u00e0 une fraction de secondes qui laisse \u00e0 r\u00e9fl\u00e9chir. R\u00e9my DONNADIEU . Pour [&hellip;]<\/p>\n","protected":false},"author":1,"featured_media":0,"parent":0,"menu_order":0,"comment_status":"closed","ping_status":"closed","template":"","meta":{"footnotes":""},"class_list":{"0":"post-174","1":"page","2":"type-page","3":"status-publish","5":"col-md-12"},"aioseo_notices":[],"_links":{"self":[{"href":"https:\/\/dencre-et-de-mots.com\/index.php\/wp-json\/wp\/v2\/pages\/174","targetHints":{"allow":["GET"]}}],"collection":[{"href":"https:\/\/dencre-et-de-mots.com\/index.php\/wp-json\/wp\/v2\/pages"}],"about":[{"href":"https:\/\/dencre-et-de-mots.com\/index.php\/wp-json\/wp\/v2\/types\/page"}],"author":[{"embeddable":true,"href":"https:\/\/dencre-et-de-mots.com\/index.php\/wp-json\/wp\/v2\/users\/1"}],"replies":[{"embeddable":true,"href":"https:\/\/dencre-et-de-mots.com\/index.php\/wp-json\/wp\/v2\/comments?post=174"}],"version-history":[{"count":10,"href":"https:\/\/dencre-et-de-mots.com\/index.php\/wp-json\/wp\/v2\/pages\/174\/revisions"}],"predecessor-version":[{"id":1419,"href":"https:\/\/dencre-et-de-mots.com\/index.php\/wp-json\/wp\/v2\/pages\/174\/revisions\/1419"}],"wp:attachment":[{"href":"https:\/\/dencre-et-de-mots.com\/index.php\/wp-json\/wp\/v2\/media?parent=174"}],"curies":[{"name":"wp","href":"https:\/\/api.w.org\/{rel}","templated":true}]}}