{"id":175,"date":"2024-06-05T01:21:04","date_gmt":"2024-06-04T23:21:04","guid":{"rendered":"https:\/\/dencre-et-de-mots.com\/?page_id=175"},"modified":"2024-08-05T17:09:41","modified_gmt":"2024-08-05T15:09:41","slug":"etudes-expertises-conseils-et-formations","status":"publish","type":"page","link":"https:\/\/dencre-et-de-mots.com\/index.php\/etudes-expertises-conseils-et-formations\/","title":{"rendered":"FORMATIONS, CONSEILS &amp; EXPERTISES"},"content":{"rendered":"\n<figure class=\"wp-block-image size-large\"><img loading=\"lazy\" decoding=\"async\" width=\"1024\" height=\"768\" src=\"https:\/\/dencre-et-de-mots.com\/wp-content\/uploads\/2024\/07\/formations2-1024x768.png\" alt=\"\" class=\"wp-image-983\" srcset=\"https:\/\/dencre-et-de-mots.com\/wp-content\/uploads\/2024\/07\/formations2-1024x768.png 1024w, https:\/\/dencre-et-de-mots.com\/wp-content\/uploads\/2024\/07\/formations2-300x225.png 300w, https:\/\/dencre-et-de-mots.com\/wp-content\/uploads\/2024\/07\/formations2-768x576.png 768w, https:\/\/dencre-et-de-mots.com\/wp-content\/uploads\/2024\/07\/formations2-1536x1152.png 1536w, https:\/\/dencre-et-de-mots.com\/wp-content\/uploads\/2024\/07\/formations2-900x675.png 900w, https:\/\/dencre-et-de-mots.com\/wp-content\/uploads\/2024\/07\/formations2-500x375.png 500w, https:\/\/dencre-et-de-mots.com\/wp-content\/uploads\/2024\/07\/formations2.png 2000w\" sizes=\"auto, (max-width: 1024px) 100vw, 1024px\" \/><\/figure>\n\n\n\n<blockquote class=\"wp-block-quote is-layout-flow wp-block-quote-is-layout-flow\">\n<p class=\"has-large-font-size\"><strong><em>La qualit\u00e9 de notre communication est d\u00e9termin\u00e9e non par la mani\u00e8re <\/em><\/strong><br><strong><em>dont nous disons les choses, mais par la mani\u00e8re dont elles sont comprises<\/em><\/strong>.<\/p>\n\n\n\n<p class=\"has-large-font-size\">Andrew GROVE<\/p>\n<\/blockquote>\n\n\n\n<p class=\"has-white-color has-text-color has-link-color wp-elements-7e4ac651328708ea719ac0894fa30934\">.<\/p>\n\n\n\n<p class=\"has-extra-large-font-size\"><strong>Diffuser et transmettre les savoirs et les savoirs-faire<\/strong><\/p>\n\n\n\n<p class=\"has-white-color has-text-color has-link-color wp-elements-7e4ac651328708ea719ac0894fa30934\">.<\/p>\n\n\n\n<p class=\"has-larger-font-size\">C\u2019est avec plaisir que je me tiens \u00e0 votre disposition pour <br>toute demande d\u2019\u00e9tudes, de conseils et de formations. <br><br>Les comp\u00e9tences et l\u2019exp\u00e9rience ne peuvent se passer de <br>savoirs et de connaissances. Et, contribuer au monde de <br>la recherche, aux dialogues professionnels, instruire les jeunes <br>et les moins jeunes, c\u2019est donner de la vie aux r\u00e9cits comme <br>le vigneron donne du corps \u00e0 son vin&nbsp;!<\/p>\n\n\n\n<p class=\"has-larger-font-size\">Choisir <em>D\u2019Encre et de mots, <\/em>c\u2019est vous donner les clefs <br>pour vous aider \u00e0 animer des conf\u00e9rences, des s\u00e9minaires, <br>des ateliers ludiques et p\u00e9dagogiques, des webinars, des<br>formations et m\u00eame des Mooc(s).<br><br>C&rsquo;est aussi savoir lire, relire et proposer des corrections<br>\u00e0 vos \u00e9crits, \u00e0 vos essais et \u00e0 vos futurs publications.<br>C&rsquo;est apporter un regard neuf sur vos travaux,<br>les parachever afin de les sublimer  !<\/p>\n\n\n\n<p class=\"has-white-color has-text-color has-link-color wp-elements-7e4ac651328708ea719ac0894fa30934\">.<\/p>\n\n\n\n<p class=\"has-text-align-center\" style=\"font-size:27px\"><em>\u00ab\u00a0L&rsquo;ignorance est un cr\u00e9puscule.<\/em><br><em>Songez \u00e0 l&rsquo;\u00e9clairage des rues, soit:<br>Mais songez aussi, songez surtout,<br> A l&rsquo;\u00e9clairage des esprits.\u00a0\u00bb<\/em><\/p>\n\n\n\n<p class=\"has-text-align-center has-large-font-size\">Victor HUGO<\/p>\n","protected":false},"excerpt":{"rendered":"<p>La qualit\u00e9 de notre communication est d\u00e9termin\u00e9e non par la mani\u00e8re dont nous disons les choses, mais par la mani\u00e8re dont elles [&hellip;]<\/p>\n","protected":false},"author":1,"featured_media":0,"parent":0,"menu_order":0,"comment_status":"closed","ping_status":"closed","template":"","meta":{"footnotes":""},"class_list":{"0":"post-175","1":"page","2":"type-page","3":"status-publish","5":"col-md-12"},"aioseo_notices":[],"_links":{"self":[{"href":"https:\/\/dencre-et-de-mots.com\/index.php\/wp-json\/wp\/v2\/pages\/175","targetHints":{"allow":["GET"]}}],"collection":[{"href":"https:\/\/dencre-et-de-mots.com\/index.php\/wp-json\/wp\/v2\/pages"}],"about":[{"href":"https:\/\/dencre-et-de-mots.com\/index.php\/wp-json\/wp\/v2\/types\/page"}],"author":[{"embeddable":true,"href":"https:\/\/dencre-et-de-mots.com\/index.php\/wp-json\/wp\/v2\/users\/1"}],"replies":[{"embeddable":true,"href":"https:\/\/dencre-et-de-mots.com\/index.php\/wp-json\/wp\/v2\/comments?post=175"}],"version-history":[{"count":7,"href":"https:\/\/dencre-et-de-mots.com\/index.php\/wp-json\/wp\/v2\/pages\/175\/revisions"}],"predecessor-version":[{"id":1420,"href":"https:\/\/dencre-et-de-mots.com\/index.php\/wp-json\/wp\/v2\/pages\/175\/revisions\/1420"}],"wp:attachment":[{"href":"https:\/\/dencre-et-de-mots.com\/index.php\/wp-json\/wp\/v2\/media?parent=175"}],"curies":[{"name":"wp","href":"https:\/\/api.w.org\/{rel}","templated":true}]}}