{"id":537,"date":"2024-06-12T23:41:29","date_gmt":"2024-06-12T21:41:29","guid":{"rendered":"https:\/\/dencre-et-de-mots.com\/?page_id=537"},"modified":"2024-07-13T18:49:30","modified_gmt":"2024-07-13T16:49:30","slug":"contentwriting","status":"publish","type":"page","link":"https:\/\/dencre-et-de-mots.com\/index.php\/contentwriting\/","title":{"rendered":"LE CONTENTWRITING OU L&rsquo;ART d\u2019ECRIRE"},"content":{"rendered":"\n<h2 class=\"wp-block-heading has-text-align-center\">LE CONTENTWRITING OU L&rsquo;ART D&rsquo;\u00c9CRIRE<\/h2>\n\n\n\n<div style=\"height:35px\" aria-hidden=\"true\" class=\"wp-block-spacer\"><\/div>\n\n\n\n<figure class=\"wp-block-image size-large is-resized\"><img loading=\"lazy\" decoding=\"async\" width=\"1024\" height=\"768\" src=\"https:\/\/dencre-et-de-mots.com\/wp-content\/uploads\/2024\/06\/Sans-titre-2-1024x768.jpg\" alt=\"\" class=\"wp-image-543\" style=\"aspect-ratio:4\/3;object-fit:cover;width:974px;height:auto\" srcset=\"https:\/\/dencre-et-de-mots.com\/wp-content\/uploads\/2024\/06\/Sans-titre-2-1024x768.jpg 1024w, https:\/\/dencre-et-de-mots.com\/wp-content\/uploads\/2024\/06\/Sans-titre-2-300x225.jpg 300w, https:\/\/dencre-et-de-mots.com\/wp-content\/uploads\/2024\/06\/Sans-titre-2-768x576.jpg 768w, https:\/\/dencre-et-de-mots.com\/wp-content\/uploads\/2024\/06\/Sans-titre-2-1536x1152.jpg 1536w, https:\/\/dencre-et-de-mots.com\/wp-content\/uploads\/2024\/06\/Sans-titre-2-900x675.jpg 900w, https:\/\/dencre-et-de-mots.com\/wp-content\/uploads\/2024\/06\/Sans-titre-2-500x375.jpg 500w, https:\/\/dencre-et-de-mots.com\/wp-content\/uploads\/2024\/06\/Sans-titre-2.jpg 2000w\" sizes=\"auto, (max-width: 1024px) 100vw, 1024px\" \/><\/figure>\n\n\n\n<blockquote class=\"wp-block-quote is-layout-flow wp-block-quote-is-layout-flow\">\n<p class=\"has-large-font-size\"><em><strong>Un mot est un oiseau au milieu d&rsquo;une page.<br>C&rsquo;est l&rsquo;infini &#8230;<br><br><\/strong><\/em>Antonio SOLER<br>\u00c9crivain et sc\u00e9nariste <\/p>\n<\/blockquote>\n\n\n\n<p class=\"has-extra-large-font-size\"><br><strong>Le <em>Contentwriting<\/em> ou \u00ab&nbsp;La R\u00e9daction de Contenus&nbsp;\u00bb &#8230;<\/strong><br><strong>pour vous aider \u00e0 Fid\u00e9liser&nbsp;!<\/strong><\/p>\n\n\n\n<p class=\"has-white-color has-text-color has-link-color wp-elements-7e4ac651328708ea719ac0894fa30934\">.<\/p>\n\n\n\n<p class=\"has-larger-font-size\">A la diff\u00e9rence du Copywriting, exercer le <em>Contentwriting<\/em> c\u2019est<br>vous aider \u00e0 cr\u00e9er des contenus de nature adapt\u00e9e, vari\u00e9e,<br>p\u00e9dagogique et utile, afin de fid\u00e9liser votre client\u00e8le et parvenir <br>\u00e0 remplir vos objectifs \u00e0 moyen et long terme. <\/p>\n\n\n\n<p class=\"has-white-color has-text-color has-link-color has-larger-font-size wp-elements-4ae3627577a9eea18e54c94e4bf443ef\">.<\/p>\n\n\n\n<p class=\"has-text-align-center\" style=\"font-size:27px\">Faire de la R\u00e9daction de contenus c\u2019est d\u2019abord Informer&nbsp;! <\/p>\n\n\n\n<p class=\"has-white-color has-text-color has-link-color wp-elements-7e4ac651328708ea719ac0894fa30934\">.<\/p>\n\n\n\n<p class=\"has-larger-font-size\">C\u2019est vous permettre de b\u00e2tir une relation de confiance et <br>cr\u00e9er un engagement envers votre marque, la vitrine que vous<br>incarnez et le lectorat que vous souhaitez toucher.<\/p>\n\n\n\n<p class=\"has-white-color has-text-color has-link-color has-larger-font-size wp-elements-375dc8da088df3167cd62aa191d2162c\">.<br><\/p>\n\n\n\n<p class=\"has-text-align-center\" style=\"font-size:27px\">Ma mission en tant que <em>Contentwriter<\/em> est de sensibiliser <br>votre audience, vos lecteurs, vos futurs acheteurs par <br>un contenu riche, cibl\u00e9, mais non promotionnel. <\/p>\n\n\n\n<p class=\"has-text-align-left has-white-color has-text-color has-link-color wp-elements-f76400e179e1dda65404cc297f9e3b52\" style=\"font-size:21px\">.<br><\/p>\n\n\n\n<p class=\"has-larger-font-size\">Mon r\u00f4le est de booster l\u2019engagement vis-\u00e0-vis du contenu par <br>des e-books, des newsletters,  des commentaires, des <em>likes<\/em>, des partages <br>et accompagner vos prospects dans chaque \u00e9tape du cycle de vente <br>par un contenu pertinent.<\/p>\n\n\n\n<p class=\"has-larger-font-size\">La R\u00e9daction de contenus que je vous propose vise ainsi \u00e0 <br>cr\u00e9er un engagement productif avec votre public. <br><br>L\u2019objectif est, qu\u2019avec le temps, vos futurs clients fassent confiance <br>\u00e0  votre institut, \u00e0 votre entreprise et qu\u2019ils s\u2019int\u00e9ressent de plus<br>pr\u00e8s \u00e0 vos offres, vos services ou vos produits.<\/p>\n","protected":false},"excerpt":{"rendered":"<p>LE CONTENTWRITING OU L&rsquo;ART D&rsquo;\u00c9CRIRE Un mot est un oiseau au milieu d&rsquo;une page.C&rsquo;est l&rsquo;infini &#8230; Antonio SOLER\u00c9crivain et sc\u00e9nariste Le Contentwriting [&hellip;]<\/p>\n","protected":false},"author":1,"featured_media":0,"parent":0,"menu_order":0,"comment_status":"closed","ping_status":"closed","template":"","meta":{"footnotes":""},"class_list":{"0":"post-537","1":"page","2":"type-page","3":"status-publish","5":"col-md-12"},"aioseo_notices":[],"_links":{"self":[{"href":"https:\/\/dencre-et-de-mots.com\/index.php\/wp-json\/wp\/v2\/pages\/537","targetHints":{"allow":["GET"]}}],"collection":[{"href":"https:\/\/dencre-et-de-mots.com\/index.php\/wp-json\/wp\/v2\/pages"}],"about":[{"href":"https:\/\/dencre-et-de-mots.com\/index.php\/wp-json\/wp\/v2\/types\/page"}],"author":[{"embeddable":true,"href":"https:\/\/dencre-et-de-mots.com\/index.php\/wp-json\/wp\/v2\/users\/1"}],"replies":[{"embeddable":true,"href":"https:\/\/dencre-et-de-mots.com\/index.php\/wp-json\/wp\/v2\/comments?post=537"}],"version-history":[{"count":26,"href":"https:\/\/dencre-et-de-mots.com\/index.php\/wp-json\/wp\/v2\/pages\/537\/revisions"}],"predecessor-version":[{"id":1288,"href":"https:\/\/dencre-et-de-mots.com\/index.php\/wp-json\/wp\/v2\/pages\/537\/revisions\/1288"}],"wp:attachment":[{"href":"https:\/\/dencre-et-de-mots.com\/index.php\/wp-json\/wp\/v2\/media?parent=537"}],"curies":[{"name":"wp","href":"https:\/\/api.w.org\/{rel}","templated":true}]}}