{"id":571,"date":"2024-06-13T01:51:01","date_gmt":"2024-06-12T23:51:01","guid":{"rendered":"https:\/\/dencre-et-de-mots.com\/?page_id=571"},"modified":"2024-08-05T16:35:23","modified_gmt":"2024-08-05T14:35:23","slug":"le-storytelling-pour-se-raconter","status":"publish","type":"page","link":"https:\/\/dencre-et-de-mots.com\/index.php\/le-storytelling-pour-se-raconter\/","title":{"rendered":"LE STORYTELLING &#8230; POUR SE RACONTER"},"content":{"rendered":"\n<figure class=\"wp-block-image size-large is-resized\"><img loading=\"lazy\" decoding=\"async\" width=\"1024\" height=\"768\" src=\"https:\/\/dencre-et-de-mots.com\/wp-content\/uploads\/2024\/06\/storrytelling-1-1024x768.jpg\" alt=\"\" class=\"wp-image-577\" style=\"aspect-ratio:4\/3;object-fit:cover;width:960px;height:auto\" srcset=\"https:\/\/dencre-et-de-mots.com\/wp-content\/uploads\/2024\/06\/storrytelling-1-1024x768.jpg 1024w, https:\/\/dencre-et-de-mots.com\/wp-content\/uploads\/2024\/06\/storrytelling-1-300x225.jpg 300w, https:\/\/dencre-et-de-mots.com\/wp-content\/uploads\/2024\/06\/storrytelling-1-768x576.jpg 768w, https:\/\/dencre-et-de-mots.com\/wp-content\/uploads\/2024\/06\/storrytelling-1-1536x1152.jpg 1536w, https:\/\/dencre-et-de-mots.com\/wp-content\/uploads\/2024\/06\/storrytelling-1-900x675.jpg 900w, https:\/\/dencre-et-de-mots.com\/wp-content\/uploads\/2024\/06\/storrytelling-1-500x375.jpg 500w, https:\/\/dencre-et-de-mots.com\/wp-content\/uploads\/2024\/06\/storrytelling-1.jpg 2000w\" sizes=\"auto, (max-width: 1024px) 100vw, 1024px\" \/><\/figure>\n\n\n\n<blockquote class=\"wp-block-quote is-layout-flow wp-block-quote-is-layout-flow\">\n<p class=\"has-large-font-size\"><strong><em>Il \u00e9tait une fois &#8230; moi, ma vie, mon projet, mon histoire<\/em><\/strong>.<br><br>L&rsquo;Art du Storytelling est \u00e0 la \u00ab\u00a0d\u00e9faite de son concurrent\u00a0\u00bb <br>ce que l&rsquo;\u00c9chec &amp; Mat est \u00e0 son adversaire; une question de strat\u00e9gie.<\/p>\n<\/blockquote>\n\n\n\n<p class=\"has-extra-large-font-size\"><br><strong>Le <em>Storytelling<\/em> ou \u00ab&nbsp;L\u2019art de Raconter&nbsp;\u00bb &#8230;<\/strong><br><strong>pour susciter \u00e9motions et envies&nbsp;!<\/strong><\/p>\n\n\n\n<p class=\"has-white-color has-text-color has-link-color wp-elements-7e4ac651328708ea719ac0894fa30934\">.<\/p>\n\n\n\n<p class=\"has-larger-font-size\">Avec la pratique du <em>Copywriting<\/em> et du <em>Contentwriting, <\/em><br>mes prestations r\u00e9dactionnelles vous proposent la mise en place<br>de strat\u00e9gies marketing et de communication, appel\u00e9 <em>Storytelling. <\/em>&nbsp;<\/p>\n\n\n\n<p class=\"has-larger-font-size\"><\/p>\n\n\n\n<p class=\"has-larger-font-size\">V\u00e9ritable ingr\u00e9dient n\u00e9cessaire aux campagnes publicitaires<br>men\u00e9es par votre institut ou votre entreprise, il s\u2019agit de <br>raconter une histoire autour des produits, des services ou <br>encore de la marque que vous souhaitez mettre en avant\u00a0!<\/p>\n\n\n\n<p class=\"has-white-color has-text-color has-link-color has-larger-font-size wp-elements-4ae3627577a9eea18e54c94e4bf443ef\">.<\/p>\n\n\n\n<p class=\"has-text-align-center\" style=\"font-size:27px\">Le <em>Storytelling<\/em> c\u2019est ma\u00eetriser l\u2019art de la narration.&nbsp; <\/p>\n\n\n\n<p class=\"has-white-color has-text-color has-link-color wp-elements-7e4ac651328708ea719ac0894fa30934\">.<\/p>\n\n\n\n<p class=\"has-larger-font-size\">C\u2019est pratiquer pour vous toutes les techniques d\u2019expressions <br>qui visent \u00e0 capter l\u2019attention de l\u2019audience que vous ciblez. <br><br>Le <em>Storytelling<\/em> s\u2019\u00e9tend \u00e0 une pluralit\u00e9 de th\u00e9matiques diverses <br>et vari\u00e9es telles que le marketing, la politique, l\u2019\u00e9ducation, la soci\u00e9t\u00e9, <br>le journalisme, la communication d\u2019entreprise, le cin\u00e9ma ou la litt\u00e9rature.<\/p>\n\n\n\n<p class=\"has-larger-font-size\"><\/p>\n\n\n\n<p class=\"has-larger-font-size\">Pratiquer le <em>Storytelling <\/em>pour vous, c\u2019est vous offrir la chance <br>de vous mettre en valeur \u00e0 travers une \u00ab\u00a0histoire racont\u00e9e\u00a0\u00bb <br>qui happe votre public, lui fait ressentir des \u00e9motions et marque son esprit.<\/p>\n\n\n\n<p class=\"has-white-color has-text-color has-link-color has-larger-font-size wp-elements-4ae3627577a9eea18e54c94e4bf443ef\">.<\/p>\n\n\n\n<p class=\"has-text-align-center\" style=\"font-size:27px\">L\u2019objectif que l\u2019on recherche est de valoriser votre image&nbsp;!<\/p>\n\n\n\n<p class=\"has-white-color has-text-color has-link-color has-larger-font-size wp-elements-4ae3627577a9eea18e54c94e4bf443ef\">.<\/p>\n\n\n\n<p class=\"has-larger-font-size\">C\u2019est aussi impacter la hausse de votre notori\u00e9t\u00e9 et m\u00eame <br>de votre chiffre d\u2019affaires. <br><br>Gr\u00e2ce au <em>Storytelling <\/em>vous rendez votre client\u00e8le plus r\u00e9ceptive \u00e0 votre <br>campagne publicitaire, attirant son attention, suscitant ses envies, <br>ses \u00e9motions et une impulsion d\u2019achat.<\/p>\n","protected":false},"excerpt":{"rendered":"<p>Il \u00e9tait une fois &#8230; moi, ma vie, mon projet, mon histoire. L&rsquo;Art du Storytelling est \u00e0 la \u00ab\u00a0d\u00e9faite de son concurrent\u00a0\u00bb [&hellip;]<\/p>\n","protected":false},"author":1,"featured_media":0,"parent":0,"menu_order":0,"comment_status":"closed","ping_status":"closed","template":"","meta":{"footnotes":""},"class_list":{"0":"post-571","1":"page","2":"type-page","3":"status-publish","5":"col-md-12"},"aioseo_notices":[],"_links":{"self":[{"href":"https:\/\/dencre-et-de-mots.com\/index.php\/wp-json\/wp\/v2\/pages\/571","targetHints":{"allow":["GET"]}}],"collection":[{"href":"https:\/\/dencre-et-de-mots.com\/index.php\/wp-json\/wp\/v2\/pages"}],"about":[{"href":"https:\/\/dencre-et-de-mots.com\/index.php\/wp-json\/wp\/v2\/types\/page"}],"author":[{"embeddable":true,"href":"https:\/\/dencre-et-de-mots.com\/index.php\/wp-json\/wp\/v2\/users\/1"}],"replies":[{"embeddable":true,"href":"https:\/\/dencre-et-de-mots.com\/index.php\/wp-json\/wp\/v2\/comments?post=571"}],"version-history":[{"count":21,"href":"https:\/\/dencre-et-de-mots.com\/index.php\/wp-json\/wp\/v2\/pages\/571\/revisions"}],"predecessor-version":[{"id":1394,"href":"https:\/\/dencre-et-de-mots.com\/index.php\/wp-json\/wp\/v2\/pages\/571\/revisions\/1394"}],"wp:attachment":[{"href":"https:\/\/dencre-et-de-mots.com\/index.php\/wp-json\/wp\/v2\/media?parent=571"}],"curies":[{"name":"wp","href":"https:\/\/api.w.org\/{rel}","templated":true}]}}