{"id":646,"date":"2024-06-14T21:33:22","date_gmt":"2024-06-14T19:33:22","guid":{"rendered":"https:\/\/dencre-et-de-mots.com\/?page_id=646"},"modified":"2024-08-05T16:39:33","modified_gmt":"2024-08-05T14:39:33","slug":"biographe","status":"publish","type":"page","link":"https:\/\/dencre-et-de-mots.com\/index.php\/biographe\/","title":{"rendered":"\u00c9CRIVAINE &#8211; BIOGRAPHE"},"content":{"rendered":"\n<p class=\"has-white-color has-text-color has-link-color wp-elements-7e4ac651328708ea719ac0894fa30934\">.<\/p>\n\n\n\n<figure class=\"wp-block-image size-large\"><img loading=\"lazy\" decoding=\"async\" width=\"1024\" height=\"768\" src=\"https:\/\/dencre-et-de-mots.com\/wp-content\/uploads\/2024\/06\/Biographie-1024x768.png\" alt=\"\" class=\"wp-image-878\" srcset=\"https:\/\/dencre-et-de-mots.com\/wp-content\/uploads\/2024\/06\/Biographie-1024x768.png 1024w, https:\/\/dencre-et-de-mots.com\/wp-content\/uploads\/2024\/06\/Biographie-300x225.png 300w, https:\/\/dencre-et-de-mots.com\/wp-content\/uploads\/2024\/06\/Biographie-768x576.png 768w, https:\/\/dencre-et-de-mots.com\/wp-content\/uploads\/2024\/06\/Biographie-1536x1152.png 1536w, https:\/\/dencre-et-de-mots.com\/wp-content\/uploads\/2024\/06\/Biographie-900x675.png 900w, https:\/\/dencre-et-de-mots.com\/wp-content\/uploads\/2024\/06\/Biographie-500x375.png 500w, https:\/\/dencre-et-de-mots.com\/wp-content\/uploads\/2024\/06\/Biographie.png 2000w\" sizes=\"auto, (max-width: 1024px) 100vw, 1024px\" \/><\/figure>\n\n\n\n<p class=\"has-white-color has-text-color has-link-color wp-elements-c645e628e62f8fbab9d9726851472d16\"><\/p>\n\n\n\n<blockquote class=\"wp-block-quote has-large-font-size is-layout-flow wp-block-quote-is-layout-flow\">\n<p class=\"has-large-font-size\"><strong><em>\u00c9crire, c&rsquo;est dessiner<\/em><\/strong> <strong><em>une porte <\/em><\/strong><br><strong><em>sur un mur infranchissable <\/em><\/strong><br><strong><em>et puis l&rsquo;ouvrir<\/em><\/strong> &#8230;<\/p>\n<cite>Pens\u00e9es<\/cite><\/blockquote>\n\n\n\n<p class=\"has-white-color has-text-color has-link-color wp-elements-7e4ac651328708ea719ac0894fa30934\">.<\/p>\n\n\n\n<p class=\"has-extra-large-font-size\"><strong><em>\u00c9crire sa vie,  entendre sa voix, faire transpara\u00eetre l&rsquo;intime<\/em><\/strong><\/p>\n\n\n\n<p class=\"has-white-color has-text-color has-link-color wp-elements-7e4ac651328708ea719ac0894fa30934\">.<\/p>\n\n\n\n<p class=\"has-larger-font-size\">Que vous soyez particulier ou entrepreneur, les prestations<br>r\u00e9dactionnelles <em>D\u2019Encre et de mots <\/em>s\u2019\u00e9tendent \u00e9galement <br>au r\u00f4le et aux comp\u00e9tences de l\u2019\u00e9crivain-biographe. <br><br>Par n\u00e9cessaire utilit\u00e9 ou pour votre plus grand plaisir, je serais<br>ravie de mettre ma plume \u00e0 votre service afin d\u2019\u00e9crire pour vous,<br>de trouver les mots justes, de narrer un sujet qui vous tient \u00e0<br>c\u0153ur, en somme&nbsp;: de faire entendre votre voix&nbsp;!<\/p>\n\n\n\n<p class=\"has-larger-font-size\">L\u2019objectif \u00e9tant de vous offrir un service efficace et de qualit\u00e9,<br>je m\u2019appuie sur l\u2019ensemble de mes enseignements pluridisciplinaires<br>universitaires. <br><br>Ces derniers m\u2019ont permis de d\u00e9velopper le sens de l\u2019\u00e9coute, <br>une ouverture d\u2019esprit, un esprit critique et de synth\u00e8se, <br>ainsi qu\u2019une aisance r\u00e9dactionnelle donnant vie \u00e0 un r\u00e9cit<br>coh\u00e9rent et captivant.<\/p>\n\n\n\n<p class=\"has-larger-font-size\">\u00catre biographe pour vous ou pour votre entreprise, c\u2019est aussi<br>la capacit\u00e9 \u00e0 \u00e9crire l\u2019<em>intime<\/em>. Mais transmettre et rendre public<br>cet intime, cet invisible humain cach\u00e9 au fond de soi, <br>demande un travail consciencieux&nbsp;! &nbsp;<\/p>\n\n\n\n<p class=\"has-larger-font-size\">Aussi, je prends grand soin de recueillir les souvenirs, <br>les pens\u00e9es, les impressions et les \u00e9motions que vous avez <br>v\u00e9cus avec professionnalisme, confidentialit\u00e9 et bienveillance\u00a0;<br>le tout pouvant s\u2019accompagner, au besoin, de recherches<br>g\u00e9n\u00e9alogiques ou d\u2019explorations anthropo-historiques.<\/p>\n","protected":false},"excerpt":{"rendered":"<p>. \u00c9crire, c&rsquo;est dessiner une porte sur un mur infranchissable et puis l&rsquo;ouvrir &#8230; Pens\u00e9es . \u00c9crire sa vie, entendre sa voix, [&hellip;]<\/p>\n","protected":false},"author":1,"featured_media":0,"parent":0,"menu_order":0,"comment_status":"closed","ping_status":"closed","template":"","meta":{"footnotes":""},"class_list":{"0":"post-646","1":"page","2":"type-page","3":"status-publish","5":"col-md-12"},"aioseo_notices":[],"_links":{"self":[{"href":"https:\/\/dencre-et-de-mots.com\/index.php\/wp-json\/wp\/v2\/pages\/646","targetHints":{"allow":["GET"]}}],"collection":[{"href":"https:\/\/dencre-et-de-mots.com\/index.php\/wp-json\/wp\/v2\/pages"}],"about":[{"href":"https:\/\/dencre-et-de-mots.com\/index.php\/wp-json\/wp\/v2\/types\/page"}],"author":[{"embeddable":true,"href":"https:\/\/dencre-et-de-mots.com\/index.php\/wp-json\/wp\/v2\/users\/1"}],"replies":[{"embeddable":true,"href":"https:\/\/dencre-et-de-mots.com\/index.php\/wp-json\/wp\/v2\/comments?post=646"}],"version-history":[{"count":31,"href":"https:\/\/dencre-et-de-mots.com\/index.php\/wp-json\/wp\/v2\/pages\/646\/revisions"}],"predecessor-version":[{"id":1398,"href":"https:\/\/dencre-et-de-mots.com\/index.php\/wp-json\/wp\/v2\/pages\/646\/revisions\/1398"}],"wp:attachment":[{"href":"https:\/\/dencre-et-de-mots.com\/index.php\/wp-json\/wp\/v2\/media?parent=646"}],"curies":[{"name":"wp","href":"https:\/\/api.w.org\/{rel}","templated":true}]}}