{"id":648,"date":"2024-06-14T21:33:22","date_gmt":"2024-06-14T19:33:22","guid":{"rendered":"https:\/\/dencre-et-de-mots.com\/?page_id=648"},"modified":"2024-08-05T16:46:41","modified_gmt":"2024-08-05T14:46:41","slug":"ecrivaine-creative","status":"publish","type":"page","link":"https:\/\/dencre-et-de-mots.com\/index.php\/ecrivaine-creative\/","title":{"rendered":"CABINET D\u2019\u00c9CRITURE CR\u00c9ATIVE &amp; PUBLIQUE"},"content":{"rendered":"\n<figure class=\"wp-block-image size-large\"><img loading=\"lazy\" decoding=\"async\" width=\"1024\" height=\"768\" src=\"https:\/\/dencre-et-de-mots.com\/wp-content\/uploads\/2024\/06\/ecrivaine-publique-creative-1024x768.png\" alt=\"\" class=\"wp-image-859\" srcset=\"https:\/\/dencre-et-de-mots.com\/wp-content\/uploads\/2024\/06\/ecrivaine-publique-creative-1024x768.png 1024w, https:\/\/dencre-et-de-mots.com\/wp-content\/uploads\/2024\/06\/ecrivaine-publique-creative-300x225.png 300w, https:\/\/dencre-et-de-mots.com\/wp-content\/uploads\/2024\/06\/ecrivaine-publique-creative-768x576.png 768w, https:\/\/dencre-et-de-mots.com\/wp-content\/uploads\/2024\/06\/ecrivaine-publique-creative-1536x1152.png 1536w, https:\/\/dencre-et-de-mots.com\/wp-content\/uploads\/2024\/06\/ecrivaine-publique-creative-900x675.png 900w, https:\/\/dencre-et-de-mots.com\/wp-content\/uploads\/2024\/06\/ecrivaine-publique-creative-500x375.png 500w, https:\/\/dencre-et-de-mots.com\/wp-content\/uploads\/2024\/06\/ecrivaine-publique-creative.png 2000w\" sizes=\"auto, (max-width: 1024px) 100vw, 1024px\" \/><\/figure>\n\n\n\n<p class=\"has-white-color has-text-color has-link-color wp-elements-c645e628e62f8fbab9d9726851472d16\"><\/p>\n\n\n\n<blockquote class=\"wp-block-quote is-layout-flow wp-block-quote-is-layout-flow\">\n<p class=\"has-large-font-size\"><em><strong>L&rsquo;\u00e9criture, c&rsquo;est la libert\u00e9 de cr\u00e9er un monde avec des mots<\/strong><\/em>.<br><br>Jorge Luis BORGES<\/p>\n<\/blockquote>\n\n\n\n<p><\/p>\n\n\n\n<p><\/p>\n\n\n\n<p class=\"has-white-color has-text-color has-link-color wp-elements-7e4ac651328708ea719ac0894fa30934\">.<\/p>\n\n\n\n<ul class=\"wp-block-list\">\n<li class=\"has-extra-large-font-size\"><strong>\u00c9CRIVAINE CR\u00c9ATIVE<\/strong><\/li>\n<\/ul>\n\n\n\n<p class=\"has-white-color has-text-color has-link-color wp-elements-89600f594f7bde43c6d456ca8477447b\"><br><\/p>\n\n\n\n<p class=\"has-text-align-left has-larger-font-size\">L&rsquo;\u00e9criture cr\u00e9ative est bien plus qu\u2019une simple activit\u00e9&nbsp;!<\/p>\n\n\n\n<p class=\"has-text-align-center\" style=\"font-size:27px\"><br>C\u2019est un voyage au c\u0153ur de l\u2019imagination,<br>un moyen d\u2019exprimer ses \u00e9motions<br>et de partager ses id\u00e9es avec le monde.<\/p>\n\n\n\n<p class=\"has-white-color has-text-color has-link-color wp-elements-7e4ac651328708ea719ac0894fa30934\">.<\/p>\n\n\n\n<p class=\"has-larger-font-size\"><em>D\u2019Encre et de mots<\/em> vous propose de mettre sa plume <br>au service de votre esprit cr\u00e9atif. C\u2019est jouer avec les mots <br>et les id\u00e9es pour inventer des histoires, offrir \u00e0 l\u2019imagination<br>la libert\u00e9 de vagabonder et un moyen original de transposer <br>ses pens\u00e9es sur le papier. <br><br>C\u2019est une exploration fascinante de l\u2019expression litt\u00e9raire<br>qui va bien au del\u00e0 de la simple communication.<\/p>\n\n\n\n<p><\/p>\n\n\n\n<p><br><\/p>\n\n\n\n<p class=\"has-text-align-center\" style=\"font-size:27px\">Chaque mot devient une palette de couleurs, <br>chaque phrase une m\u00e9lodie et chaque paragraphe un pinceau<br>qui peint une toile d\u2019\u00e9motions et d\u2019id\u00e9es. <\/p>\n\n\n\n<p class=\"has-white-color has-text-color has-link-color wp-elements-1b48a3e5374f4958e9fe2bda09c0819d\">.<br><\/p>\n\n\n\n<p class=\"has-larger-font-size\">L\u2019\u00e9criture cr\u00e9ative peut prendre de nombreuses formes, <br>qu\u2019il s\u2019agisse de la prose po\u00e9tique, du r\u00e9cit (roman, conte, <br>fable, \u00e9pop\u00e9e\u2026) ou m\u00eame de la simple \u00e9criture journali\u00e8re <br>pour explorer ses propres pens\u00e9es et la profondeur de ses<br>sentiments (m\u00e9moires, correspondances, journal intime&#8230;).<\/p>\n\n\n\n<p class=\"has-larger-font-size\">L\u2019\u00e9criture cr\u00e9ative est une passerelle vers l\u2019\u00e2me de <br>l\u2019\u00e9crivain-narrateur et une invitation pour les lecteurs <br>\u00e0 explorer de nouveaux horizons et \u00e0 r\u00e9aliser des voyages<br>inoubliables \u00e0 travers les lignes et les pages.<br><\/p>\n\n\n\n<p class=\"has-white-color has-text-color has-link-color wp-elements-7e4ac651328708ea719ac0894fa30934\">.<\/p>\n\n\n\n<p class=\"has-text-align-center has-extra-large-font-size\">*     *     *<br><\/p>\n\n\n\n<p><\/p>\n\n\n\n<ul class=\"wp-block-list\">\n<li class=\"has-extra-large-font-size\"><strong>\u00c9CRIVAINE PUBLIQUE<\/strong><\/li>\n<\/ul>\n\n\n\n<p><\/p>\n\n\n\n<p class=\"has-white-color has-text-color has-link-color wp-elements-7e4ac651328708ea719ac0894fa30934\">.<\/p>\n\n\n\n<p class=\"has-larger-font-size\">Comme pour tout ce qui s\u2019attache \u00e0 la notion de R\u00e9daction,<br><em>D\u2019Encre et de mots<\/em> vous offre aussi la possibilit\u00e9 de r\u00e9diger des<br>contenus d\u2019ordre public, formel, administratif ou encore<br>entrepreneurial. <br><br>L\u2019activit\u00e9 d\u2019\u00e9crivain-public, pour une entreprise individuelle, <br>une association ou une soci\u00e9t\u00e9 telle que la v\u00f4tre, <br>c\u2019est un m\u00e9tier de prestataire et de conseil en \u00e9criture.<\/p>\n\n\n\n<p class=\"has-text-align-center has-white-color has-text-color has-link-color wp-elements-4112c5b82fbad66b7d9c018bda99ed80\" style=\"font-size:27px\">.<\/p>\n\n\n\n<p class=\"has-text-align-center has-link-color wp-elements-92671c839d5cf58ea969943bb7385fb0\" style=\"font-size:27px\">Mon r\u00f4le et mes t\u00e2ches se d\u00e9finissent par la r\u00e9daction de <br>vos courriers, en temps et en heure, quelle qu\u2019en soi la nature\u00a0: <br><br>CV, lettres de motivation, r\u00e9\u00e9critures, r\u00e9daction de formulaires et de dossiers <br>ou encore r\u00e9daction de testaments et de m\u00e9moires.<\/p>\n\n\n\n<p class=\"has-white-color has-text-color has-link-color wp-elements-7e4ac651328708ea719ac0894fa30934\">.<\/p>\n\n\n\n<p class=\"has-larger-font-size\">C\u2019est aussi faciliter vos d\u00e9marches et la communication \u00e9crite <br>avec l\u2019Administration et les Services minist\u00e9riels (travail, sant\u00e9,<br>\u00e9conomie, culture, \u00e9cologie, \u00e9ducation, fonctions publiques \u2026)<\/p>\n\n\n\n<p class=\"has-larger-font-size\">En tant qu\u2019\u00e9crivaine-publique, je mets \u00e9galement tout mon <br>savoir-faire dans la r\u00e9daction d\u2019essais, de textes courts ou <br>longs qui exposent et d\u00e9veloppent vos id\u00e9es, vos opinions, <br>vos arguments ou vos r\u00e9flexions sur des sujets divers et vari\u00e9s. <br><br>\u00c9crire \u00e9tant une v\u00e9ritable passion, c\u2019est avec plaisir que <br>je vous aiderai dans la r\u00e9alisation et la cr\u00e9ation d\u2019essais,<br>d\u2019articles de presse, d\u2019articles litt\u00e9raires et scientifiques, <br>de communiqu\u00e9s ou encore de conf\u00e9rences.<\/p>\n","protected":false},"excerpt":{"rendered":"<p>L&rsquo;\u00e9criture, c&rsquo;est la libert\u00e9 de cr\u00e9er un monde avec des mots. Jorge Luis BORGES . L&rsquo;\u00e9criture cr\u00e9ative est bien plus qu\u2019une simple [&hellip;]<\/p>\n","protected":false},"author":1,"featured_media":0,"parent":0,"menu_order":0,"comment_status":"closed","ping_status":"closed","template":"","meta":{"footnotes":""},"class_list":{"0":"post-648","1":"page","2":"type-page","3":"status-publish","5":"col-md-12"},"aioseo_notices":[],"_links":{"self":[{"href":"https:\/\/dencre-et-de-mots.com\/index.php\/wp-json\/wp\/v2\/pages\/648","targetHints":{"allow":["GET"]}}],"collection":[{"href":"https:\/\/dencre-et-de-mots.com\/index.php\/wp-json\/wp\/v2\/pages"}],"about":[{"href":"https:\/\/dencre-et-de-mots.com\/index.php\/wp-json\/wp\/v2\/types\/page"}],"author":[{"embeddable":true,"href":"https:\/\/dencre-et-de-mots.com\/index.php\/wp-json\/wp\/v2\/users\/1"}],"replies":[{"embeddable":true,"href":"https:\/\/dencre-et-de-mots.com\/index.php\/wp-json\/wp\/v2\/comments?post=648"}],"version-history":[{"count":32,"href":"https:\/\/dencre-et-de-mots.com\/index.php\/wp-json\/wp\/v2\/pages\/648\/revisions"}],"predecessor-version":[{"id":1407,"href":"https:\/\/dencre-et-de-mots.com\/index.php\/wp-json\/wp\/v2\/pages\/648\/revisions\/1407"}],"wp:attachment":[{"href":"https:\/\/dencre-et-de-mots.com\/index.php\/wp-json\/wp\/v2\/media?parent=648"}],"curies":[{"name":"wp","href":"https:\/\/api.w.org\/{rel}","templated":true}]}}