{"id":782,"date":"2024-06-15T01:09:39","date_gmt":"2024-06-14T23:09:39","guid":{"rendered":"https:\/\/dencre-et-de-mots.com\/?page_id=782"},"modified":"2025-04-10T18:17:30","modified_gmt":"2025-04-10T16:17:30","slug":"il-etait-une-fois-moi","status":"publish","type":"page","link":"https:\/\/dencre-et-de-mots.com\/index.php\/il-etait-une-fois-moi\/","title":{"rendered":"POUR VOUS PARLER DE MOI"},"content":{"rendered":"\n<figure class=\"wp-block-image size-large\"><img loading=\"lazy\" decoding=\"async\" width=\"1024\" height=\"768\" src=\"https:\/\/dencre-et-de-mots.com\/wp-content\/uploads\/2025\/04\/Carolyne-Qui-est-votre-plume2-1024x768.jpg\" alt=\"\" class=\"wp-image-2051\" srcset=\"https:\/\/dencre-et-de-mots.com\/wp-content\/uploads\/2025\/04\/Carolyne-Qui-est-votre-plume2-1024x768.jpg 1024w, https:\/\/dencre-et-de-mots.com\/wp-content\/uploads\/2025\/04\/Carolyne-Qui-est-votre-plume2-300x225.jpg 300w, https:\/\/dencre-et-de-mots.com\/wp-content\/uploads\/2025\/04\/Carolyne-Qui-est-votre-plume2-768x576.jpg 768w, https:\/\/dencre-et-de-mots.com\/wp-content\/uploads\/2025\/04\/Carolyne-Qui-est-votre-plume2-1536x1152.jpg 1536w, https:\/\/dencre-et-de-mots.com\/wp-content\/uploads\/2025\/04\/Carolyne-Qui-est-votre-plume2-900x675.jpg 900w, https:\/\/dencre-et-de-mots.com\/wp-content\/uploads\/2025\/04\/Carolyne-Qui-est-votre-plume2-500x375.jpg 500w, https:\/\/dencre-et-de-mots.com\/wp-content\/uploads\/2025\/04\/Carolyne-Qui-est-votre-plume2.jpg 2000w\" sizes=\"auto, (max-width: 1024px) 100vw, 1024px\" \/><\/figure>\n\n\n\n<blockquote class=\"wp-block-quote is-layout-flow wp-block-quote-is-layout-flow\">\n<p class=\"has-text-align-left has-large-font-size\"><em><strong>Se pr\u00e9senter n&rsquo;est jamais chose ais\u00e9e&#8230;<br>Comment se d\u00e9finir ? Comment s&rsquo;identifier ? <br>Quel miroir de soi utiliser ?<\/strong><\/em><\/p>\n<\/blockquote>\n\n\n\n<p><\/p>\n\n\n\n<p class=\"has-white-color has-text-color has-link-color wp-elements-7e4ac651328708ea719ac0894fa30934\">.<\/p>\n\n\n\n<p class=\"has-text-align-left has-larger-font-size\">&#8230; Si je devais me pr\u00e9senter et<br>r\u00e9sumer mes dix derni\u00e8res ann\u00e9es&#8230;<br><br>Je dirais simplement qu\u2019elles ont \u00e9t\u00e9 plac\u00e9es sous le signe <br>de la passion inconditionnelle pour les \u00e9tudes et mu\u00e9es par <br>l\u2019envie insatiable d\u2019appr\u00e9hender et de comprendre le monde <br>dans lequel nous vivons, qui nous a fait et qui nous fa\u00e7onne. <br><br>Aussi, j\u2019ai consacr\u00e9 ces dix derni\u00e8res ann\u00e9es \u00e0 lire, \u00e0 \u00e9crire et \u00e0 chercher.<\/p>\n\n\n\n<p class=\"has-white-color has-text-color has-link-color wp-elements-7e4ac651328708ea719ac0894fa30934\">.<\/p>\n\n\n\n<p class=\"has-text-align-left has-larger-font-size\">Titulaire de deux Masters, je suis aujourd\u2019hui dipl\u00f4m\u00e9e d\u2019un <br>Doctorat en Histoire Moderne et d\u2019une Licence d\u2019Ethno-anthropologie.<\/p>\n\n\n\n<p class=\"has-text-align-left has-larger-font-size\"><\/p>\n\n\n\n<p class=\"has-text-align-left has-larger-font-size\">Mon parcours, riche en exp\u00e9riences, m\u2019a ouvert tour \u00e0 tour <br>les portes du monde de la recherche, des archives, de la mus\u00e9ographie, <br>de l\u2019\u00e9dition et du journalisme&nbsp;; et m\u2019a initi\u00e9e aux fondamentaux <br>de l\u2019Enseignement et de l\u2019Enseignement-Sp\u00e9cialis\u00e9.<\/p>\n\n\n\n<p class=\"has-text-align-left has-larger-font-size\"><\/p>\n\n\n\n<p class=\"has-text-align-left has-larger-font-size\">Fi\u00e8re de tous ces acquis, je suis aujourd\u2019hui membre associ\u00e9e<br>du <em>Centre Historique Lucien Febvre<\/em> (Universit\u00e9 UFBC) et en<br>relation avec l\u2019<em>Institut Ethnologique LinCS<\/em> (universit\u00e9 de Strasbourg).<br> <br>Et, c\u2019est avec beaucoup de conviction et de motivation que je me suis <br>lanc\u00e9e dans la tr\u00e9pidante aventure de l\u2019auto-entrepreneuriat&nbsp;en cr\u00e9ant <br>une soci\u00e9t\u00e9 \u00e0 mon image, proposant diverses prestations r\u00e9dactionnelles <br>et baptis\u00e9e po\u00e9tiquement\u2026 <em>D\u2019Encre et de Mots\u2026<\/em><\/p>\n\n\n\n<p class=\"has-white-color has-text-color has-link-color wp-elements-7e4ac651328708ea719ac0894fa30934\">.<\/p>\n\n\n\n<p class=\"has-text-align-left has-larger-font-size\">La cr\u00e9dibilit\u00e9 et la qualit\u00e9 de mes services se fondent sur un triptyque <br>de savoirs et de comp\u00e9tences solides, efficaces et rentables.&nbsp; <\/p>\n\n\n\n<p class=\"has-white-color has-text-color has-link-color wp-elements-7e4ac651328708ea719ac0894fa30934\">.<\/p>\n\n\n\n<p class=\"has-text-align-left has-larger-font-size\">Pourquoi devriez-vous me faire confiance ?<br>Question tr\u00e8s l\u00e9gitime !&nbsp; <br><br>Parce que je suis historienne et que je poss\u00e8de un certain recul sur le pass\u00e9 <br>et en cela une capacit\u00e9 \u00e0 anticiper les \u00e9v\u00e9nements \u00e0 venir. <br><br>Parce que je suis \u00e9galement socio-anthropologue et que je maitrise l\u2019analyse <br>des ph\u00e9nom\u00e8nes totaux, des soci\u00e9t\u00e9s, des institutions ainsi que des go\u00fbts, <br>des modes populaires et des tendances de masse.&nbsp; <br><br>Enfin, parce que j\u2019ai acquis un solide bagage intellectuel en gestion <br>de l&rsquo;information, de la m\u00e9diation, de la promotion et de la communication <br>pour mieux servir vos besoins.<\/p>\n\n\n\n<p class=\"has-white-color has-text-color has-link-color wp-elements-7e4ac651328708ea719ac0894fa30934\">.<\/p>\n\n\n\n<p class=\"has-text-align-left has-larger-font-size\">Aussi, mon profil s\u2019\u00e9carte des standards orthonorm\u00e9s <br>des \u00e9coles de vente et de communication classiques. <br><br>Mais n\u2019est-ce pas l\u2019opportunit\u00e9, si ce n\u2019est de faire mieux, <br>de faire autrement et de vous aider \u00e0 rester comp\u00e9titif,<br>dynamique, \u00e0 rester sur le devant de la sc\u00e8ne <br>et \u00e0 vous d\u00e9marquer de vos concurrents&nbsp;?<\/p>\n\n\n\n<p class=\"has-white-color has-text-color has-link-color wp-elements-7e4ac651328708ea719ac0894fa30934\">.<\/p>\n\n\n\n<p class=\"has-text-align-left has-larger-font-size\">Oser n\u2019engage \u00e0 rien, si ce n\u2019est relever un d\u00e9fi ou un challenge, <br>m\u00eame sur une courte dur\u00e9e.<\/p>\n\n\n\n<p class=\"has-text-align-left has-larger-font-size\">C&rsquo;est tenter une approche nouvelle, essayer d\u2019innover et de lier <br>les diff\u00e9rentes g\u00e9n\u00e9rations professionnelles entres elles&nbsp;!<\/p>\n\n\n\n<p class=\"has-white-color has-text-color has-link-color wp-elements-7e4ac651328708ea719ac0894fa30934\">.<\/p>\n\n\n\n<p class=\"has-text-align-center has-larger-font-size\"><br><strong>*&nbsp;&nbsp;&nbsp; *&nbsp;&nbsp;&nbsp; *<\/strong><\/p>\n\n\n\n<p class=\"has-white-color has-text-color has-link-color wp-elements-7e4ac651328708ea719ac0894fa30934\">.<\/p>\n\n\n\n<p class=\"has-text-align-left has-larger-font-size\">D\u2019une nature pers\u00e9v\u00e9rante, responsable, minutieuse et cr\u00e9ative,<br>je me r\u00e9alise au mieux dans le cadre du t\u00e9l\u00e9travail&nbsp;: <br>un cadre professionnel flexible (tout comme ma soci\u00e9t\u00e9)  qui me laisse la latitude<br>d\u2019organiser mes journ\u00e9es et de r\u00e9pondre aux attentes et \u00e0 aux besoins de chacun,<br>\u00e0 tout instant, au-del\u00e0 des horaires classiques conventionn\u00e9s.<\/p>\n\n\n\n<p><\/p>\n\n\n\n<p class=\"has-text-align-left has-larger-font-size\">Dou\u00e9e d\u2019une tr\u00e8s bonne capacit\u00e9 d\u2019adaptation, je peux \u00e0 la fois travailler <br>en totale autonomie ou avec coh\u00e9sion au c\u0153ur d\u2019une \u00e9quipe pluridisciplinaire<br>et j\u2019accorde une importance aux d\u00e9tails, en fonction de chaque situation donn\u00e9e&nbsp;!<br><\/p>\n\n\n\n<p class=\"has-text-align-left has-larger-font-size\">Enfin, je pourrais conclure cette br\u00e8ve pr\u00e9sentation en me d\u00e9crivant comme <br>une personne \u00ab artistique et sensible \u00bb ayant toujours besoins de s\u2019occuper. <\/p>\n\n\n\n<p class=\"has-text-align-left has-white-color has-text-color has-link-color has-larger-font-size wp-elements-2069dc4fac29b2ee1c517f9da684b14d\">.<\/p>\n\n\n\n<p class=\"has-text-align-left has-larger-font-size\">Aussi, quand je ne suis plus avec ma fille, <br>lorsque ma main ne tient plus un stylo, elle s\u2019empare d\u2019un pinceau\u2026<br>lorsque je ne tape plus sur mon clavier d\u2019ordinateur, <br>je glisse sur mon clavier de piano\u2026 <br>et j\u2019ai toujours avec moi, ma cam\u00e9ra et mon appareil photo.<\/p>\n\n\n\n<p class=\"has-text-align-center has-larger-font-size\"><\/p>\n","protected":false},"excerpt":{"rendered":"<p>Se pr\u00e9senter n&rsquo;est jamais chose ais\u00e9e&#8230;Comment se d\u00e9finir ? Comment s&rsquo;identifier ? Quel miroir de soi utiliser ? . &#8230; Si je [&hellip;]<\/p>\n","protected":false},"author":1,"featured_media":0,"parent":0,"menu_order":0,"comment_status":"closed","ping_status":"closed","template":"","meta":{"footnotes":""},"class_list":{"0":"post-782","1":"page","2":"type-page","3":"status-publish","5":"col-md-12"},"aioseo_notices":[],"_links":{"self":[{"href":"https:\/\/dencre-et-de-mots.com\/index.php\/wp-json\/wp\/v2\/pages\/782","targetHints":{"allow":["GET"]}}],"collection":[{"href":"https:\/\/dencre-et-de-mots.com\/index.php\/wp-json\/wp\/v2\/pages"}],"about":[{"href":"https:\/\/dencre-et-de-mots.com\/index.php\/wp-json\/wp\/v2\/types\/page"}],"author":[{"embeddable":true,"href":"https:\/\/dencre-et-de-mots.com\/index.php\/wp-json\/wp\/v2\/users\/1"}],"replies":[{"embeddable":true,"href":"https:\/\/dencre-et-de-mots.com\/index.php\/wp-json\/wp\/v2\/comments?post=782"}],"version-history":[{"count":47,"href":"https:\/\/dencre-et-de-mots.com\/index.php\/wp-json\/wp\/v2\/pages\/782\/revisions"}],"predecessor-version":[{"id":2054,"href":"https:\/\/dencre-et-de-mots.com\/index.php\/wp-json\/wp\/v2\/pages\/782\/revisions\/2054"}],"wp:attachment":[{"href":"https:\/\/dencre-et-de-mots.com\/index.php\/wp-json\/wp\/v2\/media?parent=782"}],"curies":[{"name":"wp","href":"https:\/\/api.w.org\/{rel}","templated":true}]}}