{"id":784,"date":"2024-06-15T01:09:39","date_gmt":"2024-06-14T23:09:39","guid":{"rendered":"https:\/\/dencre-et-de-mots.com\/?page_id=784"},"modified":"2024-08-14T22:46:44","modified_gmt":"2024-08-14T20:46:44","slug":"curriculum-vitae","status":"publish","type":"page","link":"https:\/\/dencre-et-de-mots.com\/index.php\/curriculum-vitae\/","title":{"rendered":"QUI EST VOTRE PLUME R\u00c9DACTIONNELLE ?"},"content":{"rendered":"\n<figure class=\"wp-block-image size-large\"><img loading=\"lazy\" decoding=\"async\" width=\"1024\" height=\"768\" src=\"https:\/\/dencre-et-de-mots.com\/wp-content\/uploads\/2024\/07\/qui-est-votre-plume-1024x768.png\" alt=\"\" class=\"wp-image-1054\" srcset=\"https:\/\/dencre-et-de-mots.com\/wp-content\/uploads\/2024\/07\/qui-est-votre-plume-1024x768.png 1024w, https:\/\/dencre-et-de-mots.com\/wp-content\/uploads\/2024\/07\/qui-est-votre-plume-300x225.png 300w, https:\/\/dencre-et-de-mots.com\/wp-content\/uploads\/2024\/07\/qui-est-votre-plume-768x576.png 768w, https:\/\/dencre-et-de-mots.com\/wp-content\/uploads\/2024\/07\/qui-est-votre-plume-1536x1152.png 1536w, https:\/\/dencre-et-de-mots.com\/wp-content\/uploads\/2024\/07\/qui-est-votre-plume-900x675.png 900w, https:\/\/dencre-et-de-mots.com\/wp-content\/uploads\/2024\/07\/qui-est-votre-plume-500x375.png 500w, https:\/\/dencre-et-de-mots.com\/wp-content\/uploads\/2024\/07\/qui-est-votre-plume.png 2000w\" sizes=\"auto, (max-width: 1024px) 100vw, 1024px\" \/><\/figure>\n\n\n\n<p class=\"has-white-color has-text-color has-link-color wp-elements-7e4ac651328708ea719ac0894fa30934\">.<\/p>\n\n\n\n<p class=\"has-extra-large-font-size\"><strong>STATUT PROFESSIONNEL&nbsp;<\/strong>:<\/p>\n\n\n\n<ul class=\"wp-block-list\">\n<li class=\"has-larger-font-size\"><strong>Copy &amp; ContentWriter, \u00c9crivaine, Biographe<\/strong><br>Entrepreneure individuelle de la soci\u00e9t\u00e9 <em>D\u2019Encre et de Mots\u2026<\/em><\/li>\n<\/ul>\n\n\n\n<ul class=\"wp-block-list\">\n<li class=\"has-larger-font-size\"><strong>Historienne-Anthropologue<\/strong><br><em>Chercheuse Associ\u00e9e du Centre Historique Lucien FEBVRE<\/em><br>(UR 2273) -Universit\u00e9 de Franche-Comt\u00e9<br><em>Et en relation avec l\u2019Institut d\u2019Ethnologie LinCS<\/em><br>(UMR7069) -Universit\u00e9 de Strasbourg<\/li>\n<\/ul>\n\n\n\n<p><\/p>\n\n\n\n<p class=\"has-text-align-center has-extra-large-font-size\"><strong>   *     *     *<\/strong><\/p>\n\n\n\n<p class=\"has-extra-large-font-size\"><strong>EXP\u00c9RIENCES:<\/strong><\/p>\n\n\n\n<ul class=\"wp-block-list\">\n<li class=\"has-larger-font-size\"><strong>2023 &#8211; Cr\u00e9ation de la soci\u00e9t\u00e9 <em>D&rsquo;Encre et de Mots &#8230;<\/em><\/strong><br><br>Parce qu\u2019il fallait oser innover et \u00e9tendre ses capacit\u00e9s d\u2019actions \u00e0 des domaines <br>o\u00f9 le CopyWriting et le ContentWriting en auto-entrepreunariat est encore peu<br>pr\u00e9sent et pourtant si important\u00a0! Parce que je souhaite faire reconna\u00eetre mes<br>savoirs, partager mes exp\u00e9riences et pouvoir mettre l\u2019int\u00e9gralit\u00e9 de mes services<br>\u00e0 la disposition de tous\u00a0!<\/li>\n<\/ul>\n\n\n\n<p class=\"has-white-color has-text-color has-link-color wp-elements-7e4ac651328708ea719ac0894fa30934\">.<\/p>\n\n\n\n<ul class=\"wp-block-list\">\n<li class=\"has-larger-font-size\"><strong>2022-2023 &#8211; Enseignante Sp\u00e9cialis\u00e9e<\/strong>: Coordonnatrice Ulis<\/li>\n<\/ul>\n\n\n\n<p class=\"has-white-color has-text-color has-link-color wp-elements-7e4ac651328708ea719ac0894fa30934\">.<\/p>\n\n\n\n<ul class=\"wp-block-list\">\n<li class=\"has-larger-font-size\"><strong>2016-2021 &#8211; Doctorat Histoire Moderne <\/strong>: Exp\u00e9rience professionnelle 5 ans<br><em>Universit\u00e9 de Besan\u00e7on \u2013 Archives Suisses, Britanniques, Fran\u00e7aises, Hollandaises<\/em><\/li>\n<\/ul>\n\n\n\n<blockquote class=\"wp-block-quote is-layout-flow wp-block-quote-is-layout-flow\">\n<p class=\"has-large-font-size\"><strong>Intitul\u00e9 de la Th\u00e8se:<\/strong><br><em>\u00ab La diffusion internationale des savoirs britanniques, \u00e0 travers le cercle europ\u00e9en <\/em><br><em>et la personne de Mathieu MATY (1718-1776), savant et homme <\/em> <em>de lettre du si\u00e8cle <\/em><br><em>des Lumi\u00e8res et de l\u2019Enlightenment\u00bb.<\/em><br><br><strong>Comp\u00e9tences acquises:<\/strong><br>&#8211; R\u00e9daction d\u2019un ouvrage scientifique historique de 525 pages traitant d\u2019un <br>sujet intellectuel, culturel et scientifique de dimension europ\u00e9enne.<br><br>&#8211; Gestion d\u2019un projet pluridisciplinaire : Biographie, approches philosophico-<br>religieuses, histoire de l\u2019art, iconographie, symbolisme, histoire du journalisme,<br>histoire des sciences, collecte et diffusion internationale des savoirs, place <br>des cercles savants.<br><br>&#8211; Ma\u00eetrise de la communication, m\u00e9diation, vulgarisation et valorisation <br>\u00e9crite et orale d\u2019un projet et d\u2019un patrimoine. Adaptation aux diff\u00e9rents <br>contextes professionnels (m\u00e9thodes, travail, besoins) dans un cadre <br>international et multiculturel<\/p>\n<\/blockquote>\n\n\n\n<p class=\"has-white-color has-text-color has-link-color has-larger-font-size wp-elements-01bf0fb717fa92519eafedff40eb232c\"><br>.<\/p>\n\n\n\n<ul class=\"wp-block-list\">\n<li class=\"has-larger-font-size\"><strong>2017-2018 &#8211; Enseignante dans le Secondaire<\/strong> : Histoire-G\u00e9ographie, Fran\u00e7ais &amp; Philosophie<br><\/li>\n<\/ul>\n\n\n\n<p class=\"has-white-color has-text-color has-link-color wp-elements-7e4ac651328708ea719ac0894fa30934\">.<\/p>\n\n\n\n<ul class=\"wp-block-list\">\n<li class=\"has-larger-font-size\"><strong>2015-2016 &#8211;<\/strong> <strong>\u00c9dition, Documentation, Archivistique&nbsp;:<\/strong><br><em>Valorisation pratique du patrimoin<\/em>e, Archives D\u00e9partementales du Cher et du Loiret<\/li>\n<\/ul>\n\n\n\n<blockquote class=\"wp-block-quote is-layout-flow wp-block-quote-is-layout-flow\">\n<p class=\"has-large-font-size\"><strong>Missions confi\u00e9es dans le cadre de l\u2019ann\u00e9e du M\u00e9moire du Master 2 Pro. GIMD<\/strong><br>&#8211; Traitement mat\u00e9riel-intellectuel du&nbsp;fonds photographique \u00ab Emile Sineau \u00bb de<br>plus de 50.000 unit\u00e9s. Analyse de l\u2019information visuelle priv\u00e9e et journalistique,<br>de son contenu et de sa diffusion. Recherches, \u00e9tude biographique, historique,<br>psychologique et politique de l\u2019\u0153uvre et de son auteur. Mise en perspective et<br>confrontation des sources. R\u00e9daction scientifique et cr\u00e9ation d\u2019une indexation<br>sp\u00e9cifique.<br><br>&#8211; R\u00e9daction&nbsp;: \u00e9tudes historiques, rapports de visites, notes techniques et projets<br>et participations \u00e0 des publications, colloques et s\u00e9minaires scientifiques<br><br>&#8211; Contribution \u00e0 la r\u00e9alisation de plusieurs expositions mus\u00e9ographiques&nbsp;:<br>     * <em>Exposition anthropo-papyrologique&nbsp;de civilisations antique<\/em>s<br>     * <em>Mus\u00e9e&nbsp;: histoire locale du Cher&nbsp;et seconde guerre mondial<\/em>e<br>     * <em>Galerie d\u2019art picturale Orl\u00e9anaise&nbsp;: \u00ab&nbsp;Olivier Debr\u00e9&nbsp;\u00bb<\/em><br>     * <em>\u00ab&nbsp;Emile Sineau&nbsp;\u00bb&nbsp;: portrait d\u2019un journaliste photographique sportif<\/em><\/p>\n<\/blockquote>\n\n\n\n<p><\/p>\n\n\n\n<p class=\"has-white-color has-text-color has-link-color has-larger-font-size wp-elements-4ae3627577a9eea18e54c94e4bf443ef\">.<\/p>\n\n\n\n<ul class=\"wp-block-list\">\n<li class=\"has-larger-font-size\"><strong>2012 &#8211; Restauration &amp; Conservation du Patrimoine<\/strong><br><em>Institut de Papyrologie \u2013 CNRS\u2013 IRHT \u2013 Paris Sorbonnes<\/em><\/li>\n<\/ul>\n\n\n\n<blockquote class=\"wp-block-quote is-layout-flow wp-block-quote-is-layout-flow\">\n<p class=\"has-large-font-size\"><em>Traitement mat\u00e9riel, intellectuel et d\u00e9chiffrement de diff\u00e9rents papyrus<br>(\u00e9gyptiens-hi\u00e9roglyphiques, coptes et grecs). Enrichissement de la base <br>F<em>ileMakerPro<\/em>. Contextualisation et valorisation historique, anthropologique <br>et archivistique.<\/em><\/p>\n<\/blockquote>\n\n\n\n<p class=\"has-white-color has-text-color has-link-color wp-elements-7e4ac651328708ea719ac0894fa30934\">.<\/p>\n\n\n\n<p class=\"has-text-align-center has-larger-font-size\"><strong>  *     *     *<\/strong><\/p>\n\n\n\n<p class=\"has-larger-font-size\"><strong>FORMATIONS DIPL\u00d4MANTES<\/strong>\u00a0:<br><br><strong>2022-2023 \u2013 Licence 3 Socio-Anthropologie<\/strong>, Universit\u00e9 Strasbourg<\/p>\n\n\n\n<p class=\"has-larger-font-size\"><strong>2016-2021 \u2013 Doctorat Histoire Moderne<\/strong>, Universit\u00e9 Besan\u00e7on UBFC<\/p>\n\n\n\n<p class=\"has-larger-font-size\"><strong>2015-2016 \u2013 Master 2 Professionnel GIMD<\/strong>, ITIC, Universit\u00e9 Paul-Val\u00e9ry Montpellier III<\/p>\n\n\n\n<p class=\"has-larger-font-size\"><strong>2013-2015 \u2013 Master 2 Recherche Histoire Moderne<\/strong>, Universit\u00e9 Besan\u00e7on UBFC<\/p>\n\n\n\n<p class=\"has-larger-font-size\"><strong>2010-2013 \u2013 Licence 3 Histoire<\/strong>, Universit\u00e9 d\u2019Orl\u00e9ans<\/p>\n\n\n\n<p class=\"has-white-color has-text-color has-link-color wp-elements-7e4ac651328708ea719ac0894fa30934\">.<\/p>\n\n\n\n<p class=\"has-text-align-center has-larger-font-size\"><strong>*     *     *<\/strong><\/p>\n\n\n\n<p class=\"has-larger-font-size\"><strong>FORMATIONS COMPLEMENTAIRES<\/strong>:<\/p>\n\n\n\n<p><\/p>\n\n\n\n<p class=\"has-larger-font-size\"><strong>Bureautique:<\/strong><\/p>\n\n\n\n<p class=\"has-larger-font-size\">Suite Microsoft Office \/ Base SEO &amp; Marketing Digital Archives\/ Maker Pro \/<br>Scribus \/ Suite Adobe &#8211; Photoshop \/ WordPress<\/p>\n\n\n\n<p class=\"has-larger-font-size\"><strong>Anglais <\/strong>: \u00e9crit\/oral B1-B2<br><strong>Philo-Psychologie&nbsp;<\/strong>: 2 ans d\u2019\u00e9tudes<br><strong>Pal\u00e9ographie <\/strong>: 5 ans d\u2019\u00e9tudes<\/p>\n\n\n\n<p class=\"has-larger-font-size\"><br><strong>MOOCs<\/strong>:<\/p>\n\n\n\n<p class=\"has-larger-font-size\">&#8211; \u00c9thique de la Recherche<br>&#8211; R\u00e9diger un article scientifique<br>&#8211; Les fondamentaux de la communication publique territoriale<br>&#8211; Se former pour enseigner dans le sup\u00e9rieur<\/p>\n\n\n\n<p class=\"has-larger-font-size\">&#8211; La sculpture grecque d\u2019Alexandre \u00e0 Cl\u00e9op\u00e2tre<br>&#8211; Mode et Style \u00e0 travers les si\u00e8cles<br>&#8211; Une histoire des relations arts-sciences XVI<sup>e<\/sup>-XX<sup>e<\/sup> si\u00e8cle<\/p>\n\n\n\n<p class=\"has-larger-font-size\">&#8211; Le Tourisme, c\u2019est culturel&nbsp;!<br>&#8211; Les m\u00e9tiers du patrimoine<br>&#8211; D\u00e9veloppement territorial<\/p>\n\n\n\n<p class=\"has-larger-font-size\">&#8211; Gestion de crise<br>&#8211; Les mots du pouvoir<br>&#8211; Cours-Strat\u00e9gie de l&rsquo;\u00c9cole de guerre<\/p>\n\n\n\n<p class=\"has-larger-font-size\">&#8211; Fondamentaux du droit d\u2019auteur<br>&#8211; Fabriquer l\u2019Innovation<br>&#8211; Cr\u00e9ation d\u2019entreprise innovante<br>&#8211; Entreprises culturelles-cr\u00e9atives<\/p>\n\n\n\n<p><\/p>\n","protected":false},"excerpt":{"rendered":"<p>. STATUT PROFESSIONNEL&nbsp;: * * * EXP\u00c9RIENCES: . . Intitul\u00e9 de la Th\u00e8se:\u00ab La diffusion internationale des savoirs britanniques, \u00e0 travers le [&hellip;]<\/p>\n","protected":false},"author":1,"featured_media":0,"parent":0,"menu_order":0,"comment_status":"closed","ping_status":"closed","template":"","meta":{"footnotes":""},"class_list":{"0":"post-784","1":"page","2":"type-page","3":"status-publish","5":"col-md-12"},"aioseo_notices":[],"_links":{"self":[{"href":"https:\/\/dencre-et-de-mots.com\/index.php\/wp-json\/wp\/v2\/pages\/784","targetHints":{"allow":["GET"]}}],"collection":[{"href":"https:\/\/dencre-et-de-mots.com\/index.php\/wp-json\/wp\/v2\/pages"}],"about":[{"href":"https:\/\/dencre-et-de-mots.com\/index.php\/wp-json\/wp\/v2\/types\/page"}],"author":[{"embeddable":true,"href":"https:\/\/dencre-et-de-mots.com\/index.php\/wp-json\/wp\/v2\/users\/1"}],"replies":[{"embeddable":true,"href":"https:\/\/dencre-et-de-mots.com\/index.php\/wp-json\/wp\/v2\/comments?post=784"}],"version-history":[{"count":45,"href":"https:\/\/dencre-et-de-mots.com\/index.php\/wp-json\/wp\/v2\/pages\/784\/revisions"}],"predecessor-version":[{"id":1426,"href":"https:\/\/dencre-et-de-mots.com\/index.php\/wp-json\/wp\/v2\/pages\/784\/revisions\/1426"}],"wp:attachment":[{"href":"https:\/\/dencre-et-de-mots.com\/index.php\/wp-json\/wp\/v2\/media?parent=784"}],"curies":[{"name":"wp","href":"https:\/\/api.w.org\/{rel}","templated":true}]}}