{"id":95,"date":"2024-05-10T09:30:56","date_gmt":"2024-05-10T07:30:56","guid":{"rendered":"https:\/\/dencre-et-de-mots.com\/?page_id=95"},"modified":"2024-08-04T17:15:05","modified_gmt":"2024-08-04T15:15:05","slug":"contacts","status":"publish","type":"page","link":"https:\/\/dencre-et-de-mots.com\/index.php\/contacts\/","title":{"rendered":"CONTACTS"},"content":{"rendered":"\n<p class=\"has-text-align-center has-extra-large-font-size\"><strong>Besoin d&rsquo;un renseignement, d&rsquo;un service, d&rsquo;un devis ?<\/strong><\/p>\n\n\n\n<p class=\"has-text-align-center has-larger-font-size\">N&rsquo;h\u00e9sitez pas \u00e0 me contacter, je me ferais un plaisir de vous r\u00e9pondre<\/p>\n\n\n\n<figure class=\"wp-block-image size-large\"><img loading=\"lazy\" decoding=\"async\" width=\"1024\" height=\"768\" src=\"https:\/\/dencre-et-de-mots.com\/wp-content\/uploads\/2024\/08\/coordonnees4-copie-1024x768.jpg\" alt=\"\" class=\"wp-image-1366\" srcset=\"https:\/\/dencre-et-de-mots.com\/wp-content\/uploads\/2024\/08\/coordonnees4-copie-1024x768.jpg 1024w, https:\/\/dencre-et-de-mots.com\/wp-content\/uploads\/2024\/08\/coordonnees4-copie-300x225.jpg 300w, https:\/\/dencre-et-de-mots.com\/wp-content\/uploads\/2024\/08\/coordonnees4-copie-768x576.jpg 768w, https:\/\/dencre-et-de-mots.com\/wp-content\/uploads\/2024\/08\/coordonnees4-copie-1536x1152.jpg 1536w, https:\/\/dencre-et-de-mots.com\/wp-content\/uploads\/2024\/08\/coordonnees4-copie-900x675.jpg 900w, https:\/\/dencre-et-de-mots.com\/wp-content\/uploads\/2024\/08\/coordonnees4-copie-500x375.jpg 500w, https:\/\/dencre-et-de-mots.com\/wp-content\/uploads\/2024\/08\/coordonnees4-copie.jpg 2000w\" sizes=\"auto, (max-width: 1024px) 100vw, 1024px\" \/><\/figure>\n\n\n\n<p class=\"has-white-color has-text-color has-link-color has-larger-font-size wp-elements-5b0577e1bb3e4e4a8f0ba24ca4f15908\"><\/p>\n\n\n\n<blockquote class=\"wp-block-quote is-layout-flow wp-block-quote-is-layout-flow\">\n<p class=\"has-large-font-size\"><strong><em>On n&rsquo;a pas toujours ce que l&rsquo;on veut,<br>mais on peut toujours obtenir ce dont on a besoin<\/em><\/strong>.<\/p>\n<\/blockquote>\n\n\n\n<p class=\"has-white-color has-text-color has-link-color wp-elements-7e4ac651328708ea719ac0894fa30934\">.<\/p>\n\n\n\n<p class=\"has-white-color has-text-color has-link-color has-larger-font-size wp-elements-5b0577e1bb3e4e4a8f0ba24ca4f15908\"><\/p>\n\n\n\n<p class=\"has-text-align-center has-larger-font-size\">Vous pouvez \u00e9galement me rencontrer \u00e0 mon cabinet d&rsquo;\u00e9criture, situ\u00e9 dans les Vosges.<br>Une ambiance calme, conviviale et \u00ab\u00a0hors-temps\u00a0\u00bb vous y attend. <br><br>Enfin, en fonction de la nature de vos projets et de vos attentes, je peux me d\u00e9placer,<br>au besoin, aupr\u00e8s de vous, de votre institut ou de votre entreprise.<br><br>Je suis aussi mobile pour me rendre sur le terrain, aupr\u00e8s de centres archivistiques,<br>universitaires, instituts touristiques &#8230; et ce, afin de r\u00e9aliser avec vous, <br>toute demande d&rsquo;\u00e9tude, d&rsquo;enqu\u00eate de terrain ou de prises de vues.<\/p>\n\n\n\n<p><\/p>\n\n\n\n<p class=\"has-larger-font-size\"><br><\/p>\n\n\n\n<p class=\"has-white-color has-text-color has-link-color wp-elements-7e4ac651328708ea719ac0894fa30934\">.<\/p>\n\n\n\n<p class=\"has-text-align-center has-larger-font-size\"><strong> *     *    *    *    *<\/strong><\/p>\n\n\n\n<p class=\"has-white-color has-text-color has-link-color wp-elements-7e4ac651328708ea719ac0894fa30934\">.<\/p>\n\n\n\n<p class=\"has-text-align-center has-larger-font-size\">N&rsquo;ayons pas peur des mots &#8230; n&rsquo;ayez pas peur du tout &#8230;<br>&lsquo;Contacter&rsquo; ne veut pas dire n\u00e9cessairement s&rsquo;engager !<br><br>Se renseigner, s\u2019int\u00e9resser, s&rsquo;interroger &#8230;<br>c&rsquo;est d&rsquo;abord r\u00e9fl\u00e9chir sur vous, vos projets et vos ambitions,<br>afin de choisir l&rsquo;interm\u00e9diaire qui s&rsquo;harmonisera le mieux avec ce que vous d\u00e9sirez le plus.<br><br>Sachez que prendre le temps n&rsquo;est jamais une perte de temps<br><br>A tr\u00e8s bient\u00f4t<\/p>\n\n\n\n<p class=\"has-text-align-right has-larger-font-size\"><br><strong>Votre Plume<\/strong><br><\/p>\n","protected":false},"excerpt":{"rendered":"<p>Besoin d&rsquo;un renseignement, d&rsquo;un service, d&rsquo;un devis ? N&rsquo;h\u00e9sitez pas \u00e0 me contacter, je me ferais un plaisir de vous r\u00e9pondre On [&hellip;]<\/p>\n","protected":false},"author":1,"featured_media":0,"parent":0,"menu_order":0,"comment_status":"closed","ping_status":"closed","template":"","meta":{"footnotes":""},"class_list":{"0":"post-95","1":"page","2":"type-page","3":"status-publish","5":"col-md-12"},"aioseo_notices":[],"_links":{"self":[{"href":"https:\/\/dencre-et-de-mots.com\/index.php\/wp-json\/wp\/v2\/pages\/95","targetHints":{"allow":["GET"]}}],"collection":[{"href":"https:\/\/dencre-et-de-mots.com\/index.php\/wp-json\/wp\/v2\/pages"}],"about":[{"href":"https:\/\/dencre-et-de-mots.com\/index.php\/wp-json\/wp\/v2\/types\/page"}],"author":[{"embeddable":true,"href":"https:\/\/dencre-et-de-mots.com\/index.php\/wp-json\/wp\/v2\/users\/1"}],"replies":[{"embeddable":true,"href":"https:\/\/dencre-et-de-mots.com\/index.php\/wp-json\/wp\/v2\/comments?post=95"}],"version-history":[{"count":51,"href":"https:\/\/dencre-et-de-mots.com\/index.php\/wp-json\/wp\/v2\/pages\/95\/revisions"}],"predecessor-version":[{"id":1367,"href":"https:\/\/dencre-et-de-mots.com\/index.php\/wp-json\/wp\/v2\/pages\/95\/revisions\/1367"}],"wp:attachment":[{"href":"https:\/\/dencre-et-de-mots.com\/index.php\/wp-json\/wp\/v2\/media?parent=95"}],"curies":[{"name":"wp","href":"https:\/\/api.w.org\/{rel}","templated":true}]}}